{"id":9951,"date":"2025-04-18T13:43:16","date_gmt":"2025-04-18T13:43:16","guid":{"rendered":"http:\/\/viphomecentral.com\/?post_type=product&#038;p=9951"},"modified":"2025-04-18T13:44:57","modified_gmt":"2025-04-18T13:44:57","slug":"karrige-fassy-stof-teddy-ne-nuance-pllake-80x66x80cm","status":"publish","type":"product","link":"https:\/\/viphomecentral.com\/?product=karrige-fassy-stof-teddy-ne-nuance-pllake-80x66x80cm","title":{"rendered":"Karrige Fassy, stof teddy n\u00eb nuanc\u00eb pllake 80x66x80cm"},"content":{"rendered":"<p>N\u00ebse jeni duke k\u00ebrkuar p\u00ebr nj\u00eb kolltuk q\u00eb do t&#8217;i jap\u00eb nj\u00eb frym\u00eb luksi hap\u00ebsir\u00ebs tuaj me dizajnin e tij unik, at\u00ebher\u00eb Fassy \u00ebsht\u00eb ideal p\u00ebr ju. Fassy karakterizohet nga nd\u00ebrtimi cil\u00ebsor, komoditeti n\u00eb sedilje dhe eleganca, duke e p\u00ebrb\u00ebr\u00eb k\u00ebshtu nj\u00eb kolltuk nj\u00eb xhevahir p\u00ebr \u00e7do hap\u00ebsir\u00eb. <\/p>\n<p><strong>Specifikimet:<\/strong><\/p>\n<ul>\n<li>Korniz\u00eb e q\u00ebndrueshme e b\u00ebr\u00eb nga kompensat\u00eb shum\u00eb e q\u00ebndrueshme.<\/li>\n<li>Mbushje me shkum\u00eb q\u00eb ndihmon kolltukun t\u00eb ruaj\u00eb form\u00ebn e tij, parandalon konsumimin dhe krijon rehati n\u00eb sedilje.<\/li>\n<li>Rreshtim i p\u00eblhur\u00ebs me cil\u00ebsi t\u00eb lart\u00eb q\u00eb rrit efektin estetik.<\/li>\n<li>Ofrohet ne ngjyre pllake.<\/li>\n<\/ul>\n<p><strong>Dimensionet e produktit:<\/strong><\/p>\n<ul>\n<li>Gjat\u00ebsia: 80 cm.<\/li>\n<li>Gjer\u00ebsia: 66 cm.<\/li>\n<li>Lart\u00ebsia: 80 cm.<\/li>\n<li>Pesha e q\u00ebndrueshm\u00ebris\u00eb: 150 kg.<\/li>\n<\/ul>\n<p><strong>Informacione p\u00ebr materiale:<\/strong><\/p>\n<ul>\n<li>Shper pllak\u00eb (kompensat\u00eb): Shper pllak (kompensat\u00eb) \u00ebsht\u00eb nj\u00eb material si druri, i b\u00ebr\u00eb ga plastika e ricikluar. Zakonisht p\u00ebrdoret p\u00ebr t\u00eb b\u00ebr\u00eb mobilje t\u00eb jashtme si tavolina, karrige, shezlong dhe stola . \u00cbsht\u00eb jasht\u00ebzakonisht rezistent ndaj motit.  <\/li>\n<li>Stof Teddy: Teddy \u00ebsht\u00eb nj\u00eb lloj stofi i karakterizuar nga tekstura e saj unike me sythe ose sfera t\u00eb vogla n\u00eb sip\u00ebrfaqen e saj. Kjo tekstur\u00eb rezulton nga p\u00ebrdorimi i fijeve t\u00eb ve\u00e7anta ose nga p\u00ebrdorimi i fijeve me trash\u00ebsi t\u00eb ndryshme. <\/li>\n<\/ul>\n<p><strong>Udh\u00ebzimet e mir\u00ebmbajtjes:<\/strong><\/p>\n<ul>\n<li>Shper pllak\u00eb (kompensat\u00eb): Filloni duke hequr pluhurin dhe mbeturinat nga sip\u00ebrfaqja e shper pllak\u00ebs (kompensat\u00eb) me nj\u00eb leck\u00eb t\u00eb but\u00eb ose fur\u00e7\u00eb. Ju gjithashtu mund t\u00eb p\u00ebrdorni nj\u00eb fshes\u00eb elektrike me nj\u00eb fur\u00e7\u00eb t\u00eb but\u00eb, p\u00ebr rezultate m\u00eb t\u00eb mira. N\u00ebse k\u00ebrkohet pastrim i thell\u00eb, lagni nj\u00eb leck\u00eb t\u00eb but\u00eb me uj\u00eb dhe detergjent t\u00eb but\u00eb ose sapun. N\u00ebse shper pllaka p\u00ebrdoret jasht\u00eb ose n\u00eb zona me lag\u00ebshti t\u00eb lart\u00eb, aplikoni nj\u00eb p\u00ebrfundim ose mbules\u00eb t\u00eb p\u00ebrshtatshme p\u00ebr t\u00eb mbrojtur sip\u00ebrfaqen nga d\u00ebmtimet e m\u00ebtejshme.   <\/li>\n<li>Stof Teddy: N\u00ebse zgjidhni t\u00eb lani n\u00eb makin\u00eb, p\u00ebrdorni nj\u00eb cik\u00ebl larjeje t\u00eb but\u00eb dhe vendoseni p\u00eblhur\u00ebn n\u00eb nj\u00eb qese t\u00eb ve\u00e7ant\u00eb larjeje p\u00ebr mbrojtje. Zgjidhni uj\u00eb t\u00eb ftoht\u00eb ose t\u00eb vak\u00ebt dhe nj\u00eb detergjent t\u00eb but\u00eb. <\/li>\n<\/ul>\n<p><strong>V\u00ebrejtje:<\/strong><\/p>\n<ul>\n<li>Produkti dor\u00ebzohet n\u00eb paketimin e fabrik\u00ebs dhe me nj\u00eb udh\u00ebzues t\u00eb detajuar montimi.<\/li>\n<li>Nuanca e ngjyrave t\u00eb produktit mund t\u00eb ndryshoj\u00eb pak nga paraqitja fotografike n\u00eb ekranin tuaj.<\/li>\n<\/ul>\n","protected":false},"excerpt":{"rendered":"<p>5207351259742<\/p>\n","protected":false},"featured_media":10126,"comment_status":"open","ping_status":"closed","template":"","meta":[],"product_cat":[129],"product_tag":[],"class_list":{"0":"post-9951","1":"product","2":"type-product","3":"status-publish","4":"has-post-thumbnail","6":"product_cat-fotele","8":"first","9":"instock","10":"purchasable","11":"product-type-simple","12":"col-xs-6 col-sm-4","13":"col-md-3 col-lg-3","14":"un-4-cols"},"_links":{"self":[{"href":"https:\/\/viphomecentral.com\/index.php?rest_route=\/wp\/v2\/product\/9951","targetHints":{"allow":["GET"]}}],"collection":[{"href":"https:\/\/viphomecentral.com\/index.php?rest_route=\/wp\/v2\/product"}],"about":[{"href":"https:\/\/viphomecentral.com\/index.php?rest_route=\/wp\/v2\/types\/product"}],"replies":[{"embeddable":true,"href":"https:\/\/viphomecentral.com\/index.php?rest_route=%2Fwp%2Fv2%2Fcomments&post=9951"}],"wp:featuredmedia":[{"embeddable":true,"href":"https:\/\/viphomecentral.com\/index.php?rest_route=\/wp\/v2\/media\/10126"}],"wp:attachment":[{"href":"https:\/\/viphomecentral.com\/index.php?rest_route=%2Fwp%2Fv2%2Fmedia&parent=9951"}],"wp:term":[{"taxonomy":"product_cat","embeddable":true,"href":"https:\/\/viphomecentral.com\/index.php?rest_route=%2Fwp%2Fv2%2Fproduct_cat&post=9951"},{"taxonomy":"product_tag","embeddable":true,"href":"https:\/\/viphomecentral.com\/index.php?rest_route=%2Fwp%2Fv2%2Fproduct_tag&post=9951"}],"curies":[{"name":"wp","href":"https:\/\/api.w.org\/{rel}","templated":true}]}}