{"id":9950,"date":"2025-04-18T13:43:16","date_gmt":"2025-04-18T13:43:16","guid":{"rendered":"http:\/\/viphomecentral.com\/?post_type=product&#038;p=9950"},"modified":"2025-04-18T13:44:51","modified_gmt":"2025-04-18T13:44:51","slug":"komode-dicama-mdf-melamine-ne-ngjyre-te-bardhe-85-5x47x98cm","status":"publish","type":"product","link":"https:\/\/viphomecentral.com\/?product=komode-dicama-mdf-melamine-ne-ngjyre-te-bardhe-85-5x47x98cm","title":{"rendered":"Komod\u00eb Dicama, MDF-melamine n\u00eb ngjyr\u00eb t\u00eb bardh\u00eb 85.5x47x98cm"},"content":{"rendered":"<p>Komoda Dicama ofron stil dhe funksionalitet n\u00eb nj\u00eb. \u00cbsht\u00eb nj\u00eb mobilie q\u00eb nd\u00ebrthur eleganc\u00ebn me prakticitetin, duke ofruar hap\u00ebsir\u00eb t\u00eb bollshme ruajtjeje dhe nj\u00eb estetik\u00eb moderne n\u00eb dhom\u00ebn tuaj t\u00eb gjumit. <\/p>\n<h3>Specifikimet teknike:<\/h3>\n<ul>\n<li>Nd\u00ebrtimi: B\u00ebr\u00eb nga iver pllaka me nj\u00eb p\u00ebrfundim melamine, duke siguruar q\u00ebndrueshm\u00ebri ndaj konsumit me kalimin e koh\u00ebs.<\/li>\n<li>Magazinimi: P\u00ebrmban kat\u00ebr sirtar\u00eb t\u00eb m\u00ebdhenj rr\u00ebshqit\u00ebs.<\/li>\n<li>Detajet e dizajnit: Thekset me shk\u00eblqim p\u00ebrmir\u00ebsojn\u00eb t\u00ebrheqjen estetike p\u00ebrfundimtare.<\/li>\n<li>Ngjyra: E bardh\u00eb me shk\u00eblqim.<\/li>\n<\/ul>\n<h3>Dimensionet e produktit:<\/h3>\n<ul>\n<li>Gjat\u00ebsia: 85.5 cm<\/li>\n<li>Thell\u00ebsia: 47 cm<\/li>\n<li>Lart\u00ebsia: 98 cm<\/li>\n<\/ul>\n<h3>Informacione p\u00ebr materialet:<\/h3>\n<ul>\n<li>Iver pllak\u00eb (Chipboard): Iver pllaka \u00ebsht\u00eb nj\u00eb material druri i p\u00ebrb\u00ebr\u00eb nga copa t\u00eb vogla druri, zakonisht pisha ose bredhi, t\u00eb lidhura s\u00eb bashku n\u00ebn presion dhe temperatur\u00eb t\u00eb lart\u00eb, duke p\u00ebrdorur rr\u00ebshir (resin). P\u00ebrdoret gjer\u00ebsisht n\u00eb prodhimin e mobiljeve, sip\u00ebrfaqet e brendshme dhe aplikimet strukturore. E b\u00ebr\u00eb nga mbetjet drusore, ajo \u00ebsht\u00eb rezistente ndaj deformimit, g\u00ebrryerjes dhe shkaqeve t\u00eb tjera fizike. <\/li>\n<li>MDF (d\u00ebrras\u00eb fibre me densitet t\u00eb mes\u00ebm): Nj\u00eb material me baz\u00eb druri i krijuar nga bashkimi i fibrave t\u00eb drurit s\u00eb bashku duke p\u00ebrdorur rr\u00ebshira (ngjit\u00ebse), m\u00eb pas i ngjeshur duke p\u00ebrdorur presa t\u00eb nxehta. MDF \u00ebsht\u00eb m\u00eb i dendur se chipboard dhe m\u00eb i q\u00ebndruesh\u00ebm. P\u00ebr m\u00eb tep\u00ebr, nuk thith lag\u00ebshti.  <\/li>\n<li>Melamine (LPB): Melamine me presion t\u00eb ul\u00ebt (LPB) \u00ebsht\u00eb nj\u00eb material sintetik q\u00eb p\u00ebrdoret gjer\u00ebsisht p\u00ebr trajtimin sip\u00ebrfaq\u00ebsor t\u00eb iver pllak\u00ebs (Chipboard) n\u00eb mobilje dhe sip\u00ebrfaqe p\u00ebr shkak t\u00eb q\u00ebndrueshm\u00ebris\u00eb dhe leht\u00ebsis\u00eb s\u00eb mir\u00ebmbajtjes. Ai aplikohet n\u00eb substrate si MDF (derras\u00eb me fibra me dend\u00ebsi t\u00eb mesme) ose kompensat\u00eb (Shperpllak) OSB p\u00ebr t\u00eb prodhuar sip\u00ebrfaqe t\u00eb q\u00ebndrueshme.<\/li>\n<\/ul>\n<h3>Udh\u00ebzimet e mir\u00ebmbajtjes:<\/h3>\n<ul>\n<li>Iver pllak\u00eb (Chipboard): P\u00ebr t\u00eb pastruar chipboard-in, mund t\u00eb p\u00ebrdorni nj\u00eb leck\u00eb t\u00eb but\u00eb pak t\u00eb lagur me uj\u00eb dhe detergjent t\u00eb but\u00eb. Shmangni p\u00ebrdorimin e tep\u00ebrt t\u00eb ujit dhe sigurohuni q\u00eb sip\u00ebrfaqja t\u00eb jet\u00eb e that\u00eb pas pastrimit. <\/li>\n<li>MDF: Pastroni MDF-n\u00eb me nj\u00eb leck\u00eb t\u00eb but\u00eb dhe t\u00eb that\u00eb p\u00ebr t\u00eb hequr pluhurin dhe papast\u00ebrtit\u00eb. P\u00ebr njollat, p\u00ebrdorni nj\u00eb leck\u00eb t\u00eb but\u00eb me uj\u00eb t\u00eb vak\u00ebt dhe sapun t\u00eb but\u00eb. Fshijeni sip\u00ebrfaqen but\u00ebsisht derisa t\u00eb hiqet njolla, m\u00eb pas thajeni plot\u00ebsisht sip\u00ebrfaqen me nj\u00eb leck\u00eb t\u00eb that\u00eb. MDF-ja \u00ebsht\u00eb e ndjeshme ndaj lag\u00ebshtir\u00ebs, ndaj mbrojeni at\u00eb nga lag\u00ebshtia dhe fshini menj\u00ebher\u00eb \u00e7do l\u00ebng. Shmangni p\u00ebrdorimin e pastruesve t\u00eb ashp\u00ebr ose kimikateve, pasi ato mund t\u00eb d\u00ebmtojn\u00eb MDF-n\u00eb.    <\/li>\n<li>Melamina (LPB): Nj\u00eb nga materialet m\u00eb t\u00eb njohura n\u00eb mobilje, melamina mund t\u00eb pastrohet duke p\u00ebrdorur nj\u00eb leck\u00eb t\u00eb but\u00eb me uj\u00eb t\u00eb vak\u00ebt dhe sapun t\u00eb but\u00eb. Fshijeni but\u00ebsisht derisa t\u00eb hiqet njolla. Melamina \u00ebsht\u00eb e ndjeshme ndaj lag\u00ebshtir\u00ebs, \u200b\u200bprandaj \u00ebsht\u00eb e r\u00ebnd\u00ebsishme ta mbroni at\u00eb nga uji.  <\/li>\n<\/ul>\n<h3>Sh\u00ebnimet:<\/h3>\n<ul>\n<li>Produkti \u00ebsht\u00eb dor\u00ebzuar i pambledhur n\u00eb paketimin e fabrik\u00ebs me udh\u00ebzime t\u00eb detajuara t\u00eb montimit.<\/li>\n<li>Ngjyra e produktit mund t\u00eb ndryshoj\u00eb pak nga imazhi i shfaqur n\u00eb ekranin tuaj.<\/li>\n<\/ul>\n","protected":false},"excerpt":{"rendered":"<p>5207351268263<\/p>\n","protected":false},"featured_media":10122,"comment_status":"open","ping_status":"closed","template":"","meta":[],"product_cat":[128],"product_tag":[],"class_list":{"0":"post-9950","1":"product","2":"type-product","3":"status-publish","4":"has-post-thumbnail","6":"product_cat-sirtare-konsola","8":"first","9":"instock","10":"purchasable","11":"product-type-simple","12":"col-xs-6 col-sm-4","13":"col-md-3 col-lg-3","14":"un-4-cols"},"_links":{"self":[{"href":"https:\/\/viphomecentral.com\/index.php?rest_route=\/wp\/v2\/product\/9950","targetHints":{"allow":["GET"]}}],"collection":[{"href":"https:\/\/viphomecentral.com\/index.php?rest_route=\/wp\/v2\/product"}],"about":[{"href":"https:\/\/viphomecentral.com\/index.php?rest_route=\/wp\/v2\/types\/product"}],"replies":[{"embeddable":true,"href":"https:\/\/viphomecentral.com\/index.php?rest_route=%2Fwp%2Fv2%2Fcomments&post=9950"}],"wp:featuredmedia":[{"embeddable":true,"href":"https:\/\/viphomecentral.com\/index.php?rest_route=\/wp\/v2\/media\/10122"}],"wp:attachment":[{"href":"https:\/\/viphomecentral.com\/index.php?rest_route=%2Fwp%2Fv2%2Fmedia&parent=9950"}],"wp:term":[{"taxonomy":"product_cat","embeddable":true,"href":"https:\/\/viphomecentral.com\/index.php?rest_route=%2Fwp%2Fv2%2Fproduct_cat&post=9950"},{"taxonomy":"product_tag","embeddable":true,"href":"https:\/\/viphomecentral.com\/index.php?rest_route=%2Fwp%2Fv2%2Fproduct_tag&post=9950"}],"curies":[{"name":"wp","href":"https:\/\/api.w.org\/{rel}","templated":true}]}}