{"id":9908,"date":"2025-04-18T13:42:52","date_gmt":"2025-04-18T13:42:52","guid":{"rendered":"http:\/\/viphomecentral.com\/?post_type=product&#038;p=9908"},"modified":"2025-04-18T13:44:24","modified_gmt":"2025-04-18T13:44:24","slug":"tavoline-mady-prej-druri-tik-ne-nuance-natyrale-200x100x75cm","status":"publish","type":"product","link":"https:\/\/viphomecentral.com\/?product=tavoline-mady-prej-druri-tik-ne-nuance-natyrale-200x100x75cm","title":{"rendered":"Tavolin\u00eb Mady, prej druri tik n\u00eb nuanc\u00eb natyrale 200x100x75cm"},"content":{"rendered":"<p>Jeni duke k\u00ebrkuar p\u00ebr nj\u00eb tavolin\u00eb t\u00eb jashtme q\u00eb kombinon ergonomin\u00eb, funksionalitetin dhe prakticitetin? N\u00ebse po, at\u00ebher\u00eb Mady \u00ebsht\u00eb p\u00ebr ju. <\/p>\n<p><strong>Specifikimet:<\/strong><\/p>\n<ul>\n<li>E b\u00ebr\u00eb nga dru tik me cil\u00ebsi t\u00eb shk\u00eblqyer q\u00eb ofron rezistenc\u00eb ndaj koh\u00ebs dhe konsumit.<\/li>\n<li>E ofruar me ngjyra natyrale.<\/li>\n<li>Produkti nga ky dru i ve\u00e7ant\u00eb mund t\u00eb plasaritet ose t\u00eb shfaqet n\u00eb t\u00eb ardhmen. Ky nuk konsiderohet nj\u00eb defekt pasi krijohet nga tkurrja dhe zgjerimi i drurit t\u00eb ngurt\u00eb natyror. Gjithashtu, mund t\u00eb ket\u00eb dallime ngjyrash n\u00eb pjes\u00eb t\u00eb ndryshme t\u00eb produktit, pasi plasaritjet b\u00ebhen uniforme me copa t\u00eb t\u00eb nj\u00ebjtit dru.  <\/li>\n<\/ul>\n<p><strong>Dimensionet e produktit:<\/strong><\/p>\n<ul>\n<li>Gjat\u00ebsia: 202 cm.<\/li>\n<li>Gjer\u00ebsia: 100 cm.<\/li>\n<li>Lart\u00ebsia: 75 cm.<\/li>\n<\/ul>\n<p><strong>Informacione p\u00ebr materiale:<\/strong><\/p>\n<ul>\n<li>Druri tik: \u00cbsht\u00eb nj\u00eb lloj druri q\u00eb vjen nga pema e grandis Tectona. \u00cbsht\u00eb i njohur p\u00ebr forc\u00ebn e lart\u00eb dhe rezistenc\u00ebn ndaj korrozionit dhe lag\u00ebshtis\u00eb. Ka rezistenc\u00eb t\u00eb shk\u00eblqyer t\u00eb motit dhe rezistenc\u00eb ndaj lag\u00ebshtis\u00eb, duke e b\u00ebr\u00eb at\u00eb ideal p\u00ebr aplikimet n\u00eb natyr\u00eb. P\u00ebrve\u00e7 k\u00ebsaj, ajo ka uj\u00ebra dhe ngjyra karakteristike natyrore q\u00eb e b\u00ebjn\u00eb at\u00eb shum\u00eb t\u00ebrheq\u00ebs. Nuanca e saj e ngjyrave mund t\u00eb ndryshoj\u00eb nga ari n\u00eb kafe me tone gri.    <\/li>\n<\/ul>\n<p><strong>Udh\u00ebzimet e mir\u00ebmbajtjes:<\/strong><\/p>\n<ul>\n<li>Dru tik: P\u00ebr t\u00eb pastruar dru tik, p\u00ebrdorni nj\u00eb leck\u00eb t\u00eb but\u00eb t\u00eb lagur pak me uj\u00eb dhe sapun t\u00eb but\u00eb. Shp\u00eblajeni mir\u00eb dhe thahuni me nj\u00eb leck\u00eb t\u00eb past\u00ebr. <\/li>\n<\/ul>\n<p><strong>V\u00ebrejtje:<\/strong><\/p>\n<ul>\n<li>Produkti dor\u00ebzohet i pambledhur n\u00eb paketimin e fabrik\u00ebs.<\/li>\n<li>Nuancat e ngjyrave t\u00eb produktit mund t\u00eb ndryshojn\u00eb pak nga paraqitja e tij fotografike n\u00eb ekranin tuaj.<\/li>\n<\/ul>\n","protected":false},"excerpt":{"rendered":"<p>5207351258790<\/p>\n","protected":false},"featured_media":10073,"comment_status":"open","ping_status":"closed","template":"","meta":[],"product_cat":[95],"product_tag":[],"class_list":{"0":"post-9908","1":"product","2":"type-product","3":"status-publish","4":"has-post-thumbnail","6":"product_cat-komplete-ngrenieje-ne-kopsht","8":"first","9":"instock","10":"purchasable","11":"product-type-simple","12":"col-xs-6 col-sm-4","13":"col-md-3 col-lg-3","14":"un-4-cols"},"_links":{"self":[{"href":"https:\/\/viphomecentral.com\/index.php?rest_route=\/wp\/v2\/product\/9908","targetHints":{"allow":["GET"]}}],"collection":[{"href":"https:\/\/viphomecentral.com\/index.php?rest_route=\/wp\/v2\/product"}],"about":[{"href":"https:\/\/viphomecentral.com\/index.php?rest_route=\/wp\/v2\/types\/product"}],"replies":[{"embeddable":true,"href":"https:\/\/viphomecentral.com\/index.php?rest_route=%2Fwp%2Fv2%2Fcomments&post=9908"}],"wp:featuredmedia":[{"embeddable":true,"href":"https:\/\/viphomecentral.com\/index.php?rest_route=\/wp\/v2\/media\/10073"}],"wp:attachment":[{"href":"https:\/\/viphomecentral.com\/index.php?rest_route=%2Fwp%2Fv2%2Fmedia&parent=9908"}],"wp:term":[{"taxonomy":"product_cat","embeddable":true,"href":"https:\/\/viphomecentral.com\/index.php?rest_route=%2Fwp%2Fv2%2Fproduct_cat&post=9908"},{"taxonomy":"product_tag","embeddable":true,"href":"https:\/\/viphomecentral.com\/index.php?rest_route=%2Fwp%2Fv2%2Fproduct_tag&post=9908"}],"curies":[{"name":"wp","href":"https:\/\/api.w.org\/{rel}","templated":true}]}}