{"id":9897,"date":"2025-04-18T13:42:52","date_gmt":"2025-04-18T13:42:52","guid":{"rendered":"http:\/\/viphomecentral.com\/?post_type=product&#038;p=9897"},"modified":"2025-04-18T13:43:41","modified_gmt":"2025-04-18T13:43:41","slug":"komode-afina-mdf-melamine-ne-ngjyre-te-bardhe-90x44x101cm","status":"publish","type":"product","link":"https:\/\/viphomecentral.com\/?product=komode-afina-mdf-melamine-ne-ngjyre-te-bardhe-90x44x101cm","title":{"rendered":"Komod\u00eb Afina, MDF-melamine n\u00eb ngjyr\u00eb t\u00eb bardh\u00eb 90x44x101cm"},"content":{"rendered":"","protected":false},"excerpt":{"rendered":"<p>5207351267884<\/p>\n","protected":false},"featured_media":9996,"comment_status":"open","ping_status":"closed","template":"","meta":[],"product_cat":[128],"product_tag":[],"class_list":{"0":"post-9897","1":"product","2":"type-product","3":"status-publish","4":"has-post-thumbnail","6":"product_cat-sirtare-konsola","8":"first","9":"instock","10":"purchasable","11":"product-type-simple","12":"col-xs-6 col-sm-4","13":"col-md-3 col-lg-3","14":"un-4-cols"},"_links":{"self":[{"href":"https:\/\/viphomecentral.com\/index.php?rest_route=\/wp\/v2\/product\/9897","targetHints":{"allow":["GET"]}}],"collection":[{"href":"https:\/\/viphomecentral.com\/index.php?rest_route=\/wp\/v2\/product"}],"about":[{"href":"https:\/\/viphomecentral.com\/index.php?rest_route=\/wp\/v2\/types\/product"}],"replies":[{"embeddable":true,"href":"https:\/\/viphomecentral.com\/index.php?rest_route=%2Fwp%2Fv2%2Fcomments&post=9897"}],"wp:featuredmedia":[{"embeddable":true,"href":"https:\/\/viphomecentral.com\/index.php?rest_route=\/wp\/v2\/media\/9996"}],"wp:attachment":[{"href":"https:\/\/viphomecentral.com\/index.php?rest_route=%2Fwp%2Fv2%2Fmedia&parent=9897"}],"wp:term":[{"taxonomy":"product_cat","embeddable":true,"href":"https:\/\/viphomecentral.com\/index.php?rest_route=%2Fwp%2Fv2%2Fproduct_cat&post=9897"},{"taxonomy":"product_tag","embeddable":true,"href":"https:\/\/viphomecentral.com\/index.php?rest_route=%2Fwp%2Fv2%2Fproduct_tag&post=9897"}],"curies":[{"name":"wp","href":"https:\/\/api.w.org\/{rel}","templated":true}]}}