{"id":9895,"date":"2025-04-18T13:42:51","date_gmt":"2025-04-18T13:42:51","guid":{"rendered":"http:\/\/viphomecentral.com\/?post_type=product&#038;p=9895"},"modified":"2025-04-18T13:43:32","modified_gmt":"2025-04-18T13:43:32","slug":"garderobe-cift-afina-mdf-melamine-ne-ngjyre-te-bardhe-100x57x213cm","status":"publish","type":"product","link":"https:\/\/viphomecentral.com\/?product=garderobe-cift-afina-mdf-melamine-ne-ngjyre-te-bardhe-100x57x213cm","title":{"rendered":"Garderob\u00eb \u00e7ift Afina, MDF-melamine n\u00eb ngjyr\u00eb t\u00eb bardh\u00eb 100x57x213cm"},"content":{"rendered":"","protected":false},"excerpt":{"rendered":"<p>5207351267877<\/p>\n","protected":false},"featured_media":9976,"comment_status":"open","ping_status":"closed","template":"","meta":[],"product_cat":[116],"product_tag":[],"class_list":{"0":"post-9895","1":"product","2":"type-product","3":"status-publish","4":"has-post-thumbnail","6":"product_cat-garderoba","8":"first","9":"instock","10":"purchasable","11":"product-type-simple","12":"col-xs-6 col-sm-4","13":"col-md-3 col-lg-3","14":"un-4-cols"},"_links":{"self":[{"href":"https:\/\/viphomecentral.com\/index.php?rest_route=\/wp\/v2\/product\/9895","targetHints":{"allow":["GET"]}}],"collection":[{"href":"https:\/\/viphomecentral.com\/index.php?rest_route=\/wp\/v2\/product"}],"about":[{"href":"https:\/\/viphomecentral.com\/index.php?rest_route=\/wp\/v2\/types\/product"}],"replies":[{"embeddable":true,"href":"https:\/\/viphomecentral.com\/index.php?rest_route=%2Fwp%2Fv2%2Fcomments&post=9895"}],"wp:featuredmedia":[{"embeddable":true,"href":"https:\/\/viphomecentral.com\/index.php?rest_route=\/wp\/v2\/media\/9976"}],"wp:attachment":[{"href":"https:\/\/viphomecentral.com\/index.php?rest_route=%2Fwp%2Fv2%2Fmedia&parent=9895"}],"wp:term":[{"taxonomy":"product_cat","embeddable":true,"href":"https:\/\/viphomecentral.com\/index.php?rest_route=%2Fwp%2Fv2%2Fproduct_cat&post=9895"},{"taxonomy":"product_tag","embeddable":true,"href":"https:\/\/viphomecentral.com\/index.php?rest_route=%2Fwp%2Fv2%2Fproduct_tag&post=9895"}],"curies":[{"name":"wp","href":"https:\/\/api.w.org\/{rel}","templated":true}]}}