{"id":9894,"date":"2025-04-18T13:42:51","date_gmt":"2025-04-18T13:42:51","guid":{"rendered":"http:\/\/viphomecentral.com\/?post_type=product&#038;p=9894"},"modified":"2025-04-18T13:43:29","modified_gmt":"2025-04-18T13:43:29","slug":"mobilje-televizori-blossom-sonoma-220x324x1775cm","status":"publish","type":"product","link":"https:\/\/viphomecentral.com\/?product=mobilje-televizori-blossom-sonoma-220x324x1775cm","title":{"rendered":"Mobilje televizori Blossom, sonoma 220&#215;32,4&#215;177,5cm"},"content":{"rendered":"<p><img decoding=\"async\" src=\"https:\/\/www.pakoworld.com\/image\/catalog\/Icons\/assembly-icon.png\" style=\"border-width: 0px; border-style: solid; margin-left: 3px; margin-right: 3px; float: left; height: 35px; width: 35px;\" valign=\"center\" alt=\"Udh\u00ebzime nd\u00ebrtimi\" title=\"Udh\u00ebzime nd\u00ebrtimi\"><\/p>\n<p><a href=\"https:\/\/www.pakoworld.com\/image\/catalog\/manuals\/043-000078.pdf\" target=\"_blank\" rel=\"noopener\">Kliko k\u00ebtu<\/a> p\u00ebr t\u00eb shkarkuar udh\u00ebzimet e montimit t\u00eb produktit.<\/p>\n<hr style=\"color:#bdc3c7\"><span class=\"cs5BEC2C28\">Mobilje televizori Blossom, sonoma 220&#215;32,4&#215;177,5cm<\/span><br \/><span class=\"cs8926E06\"><\/span><br \/>\n<br \/>\n<span class=\"cs8926E06\">Krijoni hap\u00ebsir\u00ebn m\u00eb t\u00eb mir\u00eb arg\u00ebtuese me stend\u00ebn e televizorit &#8220;Blossom&#8221;. Kjo gam\u00eb e stend\u00ebs televizori me dollap\u00eb jan\u00eb projektuar me zgjuarsi p\u00ebr t\u00eb strehuar t\u00eb gjitha pajisjet tuaja duke komplimentuar dekorimin e sht\u00ebpis\u00eb tuaj. <\/span><br \/><span class=\"cs5BEC2C28\"><\/span><br \/>\n<br \/><span class=\"cs5BEC2C28\">Specifikimet:<\/span><br \/><span class=\"cs8926E06\">* B\u00ebr\u00eb nga melamine 16 mm me cil\u00ebsi t\u00eb lart\u00eb  <\/span><br \/><span class=\"cs8926E06\">* E disponueshme n\u00eb ngjyr\u00eb sonoma<\/span><br \/><span class=\"cs5BEC2C28\"><\/span><br \/>\n<br \/>\n<span class=\"cs5BEC2C28\">Dimensioni i produktit:<\/span><br \/><span class=\"cs8926E06\">Gjat\u00ebsia: 220 cm.<\/span><br \/><span class=\"cs8926E06\">Gjer\u00ebsia: 32,4 cm.<\/span><br \/><span class=\"cs8926E06\">Lart\u00ebsia: 177,5 cm.<\/span><\/p>\n<p><span class=\"cs5BEC2C28\">V\u00ebrejtje:<\/span><br \/><span class=\"cs8926E06\">K\u00ebrkohet montim.<\/span> <span class=\"VIiyi\"><span class=\"JLqJ4b\">Ngjyra e produktit mund t\u00eb ndryshoj\u00eb pak nga m\u00ebnyra se si \u00ebsht\u00eb shfaqur n\u00eb ekranin tuaj.<\/span><\/span><br \/> <br \/>\nhttps:\/\/www.pakoworld.com\/image\/catalog\/manuals\/043-000078.pdf<\/p>\n","protected":false},"excerpt":{"rendered":"<p>5207351001457<\/p>\n","protected":false},"featured_media":9971,"comment_status":"open","ping_status":"closed","template":"","meta":[],"product_cat":[119],"product_tag":[],"class_list":{"0":"post-9894","1":"product","2":"type-product","3":"status-publish","4":"has-post-thumbnail","6":"product_cat-setet-e-dhomes-se-ndenjes","8":"first","9":"outofstock","10":"purchasable","11":"product-type-simple","12":"col-xs-6 col-sm-4","13":"col-md-3 col-lg-3","14":"un-4-cols"},"_links":{"self":[{"href":"https:\/\/viphomecentral.com\/index.php?rest_route=\/wp\/v2\/product\/9894","targetHints":{"allow":["GET"]}}],"collection":[{"href":"https:\/\/viphomecentral.com\/index.php?rest_route=\/wp\/v2\/product"}],"about":[{"href":"https:\/\/viphomecentral.com\/index.php?rest_route=\/wp\/v2\/types\/product"}],"replies":[{"embeddable":true,"href":"https:\/\/viphomecentral.com\/index.php?rest_route=%2Fwp%2Fv2%2Fcomments&post=9894"}],"wp:featuredmedia":[{"embeddable":true,"href":"https:\/\/viphomecentral.com\/index.php?rest_route=\/wp\/v2\/media\/9971"}],"wp:attachment":[{"href":"https:\/\/viphomecentral.com\/index.php?rest_route=%2Fwp%2Fv2%2Fmedia&parent=9894"}],"wp:term":[{"taxonomy":"product_cat","embeddable":true,"href":"https:\/\/viphomecentral.com\/index.php?rest_route=%2Fwp%2Fv2%2Fproduct_cat&post=9894"},{"taxonomy":"product_tag","embeddable":true,"href":"https:\/\/viphomecentral.com\/index.php?rest_route=%2Fwp%2Fv2%2Fproduct_tag&post=9894"}],"curies":[{"name":"wp","href":"https:\/\/api.w.org\/{rel}","templated":true}]}}