{"id":9891,"date":"2025-04-18T13:42:51","date_gmt":"2025-04-18T13:42:51","guid":{"rendered":"http:\/\/viphomecentral.com\/?post_type=product&#038;p=9891"},"modified":"2025-04-18T13:43:20","modified_gmt":"2025-04-18T13:43:20","slug":"krevat-cift-afina-melamine-ne-ngjyre-te-bardhe-160x200cm","status":"publish","type":"product","link":"https:\/\/viphomecentral.com\/?product=krevat-cift-afina-melamine-ne-ngjyre-te-bardhe-160x200cm","title":{"rendered":"Krevat \u00e7ift Afina, melamine n\u00eb ngjyr\u00eb t\u00eb bardh\u00eb 160x200cm"},"content":{"rendered":"","protected":false},"excerpt":{"rendered":"<p>5207351267914<\/p>\n","protected":false},"featured_media":9958,"comment_status":"open","ping_status":"closed","template":"","meta":[],"product_cat":[118],"product_tag":[],"class_list":{"0":"post-9891","1":"product","2":"type-product","3":"status-publish","4":"has-post-thumbnail","6":"product_cat-shtreter","8":"first","9":"instock","10":"purchasable","11":"product-type-simple","12":"col-xs-6 col-sm-4","13":"col-md-3 col-lg-3","14":"un-4-cols"},"_links":{"self":[{"href":"https:\/\/viphomecentral.com\/index.php?rest_route=\/wp\/v2\/product\/9891","targetHints":{"allow":["GET"]}}],"collection":[{"href":"https:\/\/viphomecentral.com\/index.php?rest_route=\/wp\/v2\/product"}],"about":[{"href":"https:\/\/viphomecentral.com\/index.php?rest_route=\/wp\/v2\/types\/product"}],"replies":[{"embeddable":true,"href":"https:\/\/viphomecentral.com\/index.php?rest_route=%2Fwp%2Fv2%2Fcomments&post=9891"}],"wp:featuredmedia":[{"embeddable":true,"href":"https:\/\/viphomecentral.com\/index.php?rest_route=\/wp\/v2\/media\/9958"}],"wp:attachment":[{"href":"https:\/\/viphomecentral.com\/index.php?rest_route=%2Fwp%2Fv2%2Fmedia&parent=9891"}],"wp:term":[{"taxonomy":"product_cat","embeddable":true,"href":"https:\/\/viphomecentral.com\/index.php?rest_route=%2Fwp%2Fv2%2Fproduct_cat&post=9891"},{"taxonomy":"product_tag","embeddable":true,"href":"https:\/\/viphomecentral.com\/index.php?rest_route=%2Fwp%2Fv2%2Fproduct_tag&post=9891"}],"curies":[{"name":"wp","href":"https:\/\/api.w.org\/{rel}","templated":true}]}}