{"id":9887,"date":"2025-04-18T13:42:51","date_gmt":"2025-04-18T13:42:51","guid":{"rendered":"http:\/\/viphomecentral.com\/?post_type=product&#038;p=9887"},"modified":"2025-04-18T13:43:05","modified_gmt":"2025-04-18T13:43:05","slug":"mobilje-te-kuzhines-festa-ii-melamine-ne-ngjyre-sonoma-120x60x85cm","status":"publish","type":"product","link":"https:\/\/viphomecentral.com\/?product=mobilje-te-kuzhines-festa-ii-melamine-ne-ngjyre-sonoma-120x60x85cm","title":{"rendered":"Mobilje t\u00eb kuzhin\u00ebs Festa II, melamine n\u00eb ngjyr\u00eb sonoma 120x60x85cm"},"content":{"rendered":"","protected":false},"excerpt":{"rendered":"<p>5207351267815<\/p>\n","protected":false},"featured_media":9927,"comment_status":"open","ping_status":"closed","template":"","meta":[],"product_cat":[111],"product_tag":[],"class_list":{"0":"post-9887","1":"product","2":"type-product","3":"status-publish","4":"has-post-thumbnail","6":"product_cat-kuzhina","8":"first","9":"outofstock","10":"purchasable","11":"product-type-simple","12":"col-xs-6 col-sm-4","13":"col-md-3 col-lg-3","14":"un-4-cols"},"_links":{"self":[{"href":"https:\/\/viphomecentral.com\/index.php?rest_route=\/wp\/v2\/product\/9887","targetHints":{"allow":["GET"]}}],"collection":[{"href":"https:\/\/viphomecentral.com\/index.php?rest_route=\/wp\/v2\/product"}],"about":[{"href":"https:\/\/viphomecentral.com\/index.php?rest_route=\/wp\/v2\/types\/product"}],"replies":[{"embeddable":true,"href":"https:\/\/viphomecentral.com\/index.php?rest_route=%2Fwp%2Fv2%2Fcomments&post=9887"}],"wp:featuredmedia":[{"embeddable":true,"href":"https:\/\/viphomecentral.com\/index.php?rest_route=\/wp\/v2\/media\/9927"}],"wp:attachment":[{"href":"https:\/\/viphomecentral.com\/index.php?rest_route=%2Fwp%2Fv2%2Fmedia&parent=9887"}],"wp:term":[{"taxonomy":"product_cat","embeddable":true,"href":"https:\/\/viphomecentral.com\/index.php?rest_route=%2Fwp%2Fv2%2Fproduct_cat&post=9887"},{"taxonomy":"product_tag","embeddable":true,"href":"https:\/\/viphomecentral.com\/index.php?rest_route=%2Fwp%2Fv2%2Fproduct_tag&post=9887"}],"curies":[{"name":"wp","href":"https:\/\/api.w.org\/{rel}","templated":true}]}}