{"id":9862,"date":"2025-04-18T13:42:30","date_gmt":"2025-04-18T13:42:30","guid":{"rendered":"http:\/\/viphomecentral.com\/?post_type=product&#038;p=9862"},"modified":"2025-04-18T13:42:50","modified_gmt":"2025-04-18T13:42:50","slug":"stol-jey-dru-tik-ne-nuance-natyrale-120x45x40cm","status":"publish","type":"product","link":"https:\/\/viphomecentral.com\/?product=stol-jey-dru-tik-ne-nuance-natyrale-120x45x40cm","title":{"rendered":"Stol Jey, dru tik n\u00eb nuanc\u00eb natyrale 120x45x40cm"},"content":{"rendered":"<p>Stoli Jey \u00ebsht\u00eb ideal p\u00ebr t\u00eb kompletuar estetik\u00ebn e hap\u00ebsir\u00ebs suaj t\u00eb jashtme. \u00cbsht\u00eb nj\u00eb zgjedhje e shk\u00eblqyer fal\u00eb nd\u00ebrtimit t\u00eb saj shum\u00eb t\u00eb mir\u00eb. <\/p>\n<p><strong>Specifikimet:<\/strong><\/p>\n<ul>\n<li>Korniz\u00eb e b\u00ebr\u00eb nga dru tik i cil\u00ebsis\u00eb s\u00eb shk\u00eblqyer q\u00eb ofron rezistenc\u00eb ndaj koh\u00ebs dhe konsumit.<\/li>\n<li>E ofruar me ngjyra natyrale.<\/li>\n<\/ul>\n<p><strong>Dimensionet e produktit:<\/strong><\/p>\n<ul>\n<li>Gjat\u00ebsia: 120 cm.<\/li>\n<li>Gjer\u00ebsia: 45 cm.<\/li>\n<li>Lart\u00ebsia: 40 cm.<\/li>\n<li>Lart\u00ebsia e ndenj\u00ebses: 40 cm.<\/li>\n<li>Thell\u00ebsia e ndenj\u00ebses: 45 cm.<\/li>\n<li>Lart\u00ebsia e pasme: 40 cm.<\/li>\n<\/ul>\n<p><strong>Informacione p\u00ebr materiale:<\/strong><\/p>\n<ul>\n<li>Druri tik: \u00cbsht\u00eb nj\u00eb lloj druri q\u00eb vjen nga pema e grandis Tectona. \u00cbsht\u00eb i njohur p\u00ebr forc\u00ebn e lart\u00eb dhe rezistenc\u00ebn ndaj korrozionit dhe lag\u00ebshtis\u00eb. Ka rezistenc\u00eb t\u00eb shk\u00eblqyer t\u00eb motit dhe rezistenc\u00eb ndaj lag\u00ebshtis\u00eb, duke e b\u00ebr\u00eb at\u00eb ideal p\u00ebr aplikimet n\u00eb natyr\u00eb. P\u00ebrve\u00e7 k\u00ebsaj, ajo ka uj\u00ebra dhe ngjyra karakteristike natyrore q\u00eb e b\u00ebjn\u00eb at\u00eb shum\u00eb t\u00ebrheq\u00ebs. Nuanca e saj e ngjyrave mund t\u00eb ndryshoj\u00eb nga ari n\u00eb kafe me tone gri.    <\/li>\n<\/ul>\n<p><strong>Udh\u00ebzimet e mir\u00ebmbajtjes:<\/strong><\/p>\n<ul>\n<li>Dru tik: P\u00ebr t\u00eb pastruar dru tik, p\u00ebrdorni nj\u00eb leck\u00eb t\u00eb but\u00eb t\u00eb lagur pak me uj\u00eb dhe sapun t\u00eb but\u00eb. Shp\u00eblajeni mir\u00eb dhe thahuni me nj\u00eb leck\u00eb t\u00eb past\u00ebr. <\/li>\n<\/ul>\n<p><strong>V\u00ebrejtje:<\/strong><\/p>\n<ul>\n<li>Produkti dor\u00ebzohet i pambledhur n\u00eb paketimin e fabrik\u00ebs.<\/li>\n<li>Nuancat e ngjyrave t\u00eb produktit mund t\u00eb ndryshojn\u00eb pak nga paraqitja e tij fotografike n\u00eb ekranin tuaj.<\/li>\n<\/ul>\n","protected":false},"excerpt":{"rendered":"<p>5207351258745<\/p>\n","protected":false},"featured_media":9878,"comment_status":"open","ping_status":"closed","template":"","meta":[],"product_cat":[102],"product_tag":[],"class_list":{"0":"post-9862","1":"product","2":"type-product","3":"status-publish","4":"has-post-thumbnail","6":"product_cat-stola-kopshti","8":"first","9":"instock","10":"purchasable","11":"product-type-simple","12":"col-xs-6 col-sm-4","13":"col-md-3 col-lg-3","14":"un-4-cols"},"_links":{"self":[{"href":"https:\/\/viphomecentral.com\/index.php?rest_route=\/wp\/v2\/product\/9862","targetHints":{"allow":["GET"]}}],"collection":[{"href":"https:\/\/viphomecentral.com\/index.php?rest_route=\/wp\/v2\/product"}],"about":[{"href":"https:\/\/viphomecentral.com\/index.php?rest_route=\/wp\/v2\/types\/product"}],"replies":[{"embeddable":true,"href":"https:\/\/viphomecentral.com\/index.php?rest_route=%2Fwp%2Fv2%2Fcomments&post=9862"}],"wp:featuredmedia":[{"embeddable":true,"href":"https:\/\/viphomecentral.com\/index.php?rest_route=\/wp\/v2\/media\/9878"}],"wp:attachment":[{"href":"https:\/\/viphomecentral.com\/index.php?rest_route=%2Fwp%2Fv2%2Fmedia&parent=9862"}],"wp:term":[{"taxonomy":"product_cat","embeddable":true,"href":"https:\/\/viphomecentral.com\/index.php?rest_route=%2Fwp%2Fv2%2Fproduct_cat&post=9862"},{"taxonomy":"product_tag","embeddable":true,"href":"https:\/\/viphomecentral.com\/index.php?rest_route=%2Fwp%2Fv2%2Fproduct_tag&post=9862"}],"curies":[{"name":"wp","href":"https:\/\/api.w.org\/{rel}","templated":true}]}}