{"id":9858,"date":"2025-04-18T13:42:30","date_gmt":"2025-04-18T13:42:30","guid":{"rendered":"http:\/\/viphomecentral.com\/?post_type=product&#038;p=9858"},"modified":"2025-04-18T13:42:42","modified_gmt":"2025-04-18T13:42:42","slug":"tavolina-manka-i-melamine-ne-ngjyre-sonoma-80x80x77cm","status":"publish","type":"product","link":"https:\/\/viphomecentral.com\/?product=tavolina-manka-i-melamine-ne-ngjyre-sonoma-80x80x77cm","title":{"rendered":"Tavolina Manka I  melamine ne ngjyre sonoma 80x80x77cm"},"content":{"rendered":"<p>Tavolina e ngr\u00ebnies Manka I p\u00ebrmban nj\u00eb dizajn minimalist por modern. Linjat e tij t\u00eb pastra dhe format e thjeshta gjeometrike shtojn\u00eb nj\u00eb ndjenj\u00eb elegance dhe p\u00ebrjet\u00ebsie. I pershtatshem si per banim ashtu edhe per komercial.  <\/p>\n<p><strong>Specifikimet teknike:<\/strong><\/p>\n<ul>\n<li>B\u00ebr\u00eb nga chipboard me cil\u00ebsi t\u00eb lart\u00eb 16 mm me nj\u00eb rimeso melamine.<\/li>\n<li>Dizajni i tij i thjesht\u00eb dhe elegant plot\u00ebson leht\u00ebsisht lloje t\u00eb ndryshme mobiljesh dhe dekoresh.<\/li>\n<li>E ofruar me ngjyr\u00eb sonoma.<\/li>\n<\/ul>\n<p><strong>Dimensionet e produktit:<\/strong><\/p>\n<ul>\n<li>Gjat\u00ebsia: 80 cm<\/li>\n<li>Gjer\u00ebsia: 80 cm<\/li>\n<li>Lart\u00ebsia: 77 cm<\/li>\n<\/ul>\n<p><strong>Informacione p\u00ebr materiale:<\/strong><\/p>\n<ul>\n<li>Chipboard: Chipboard \u00ebsht\u00eb nj\u00eb material i p\u00ebrb\u00ebr\u00eb druri i b\u00ebr\u00eb nga grimca t\u00eb vogla druri, zakonisht pishe ose bredhi, t\u00eb lidhura s\u00eb bashku n\u00ebn presion dhe temperatur\u00eb t\u00eb lart\u00eb duke p\u00ebrdorur rr\u00ebshira. P\u00ebrdoret gjer\u00ebsisht n\u00eb prodhimin e mobiljeve, sip\u00ebrfaqeve t\u00eb brendshme dhe aplikimeve strukturore. E b\u00ebr\u00eb nga materiale t\u00eb ricikluara, \u00ebsht\u00eb rezistent ndaj deformimeve, g\u00ebrvishtjeve dhe streseve t\u00eb tjera fizike.  <\/li>\n<li>Melamina (LPB): Melamina me presion t\u00eb ul\u00ebt (LPB) \u00ebsht\u00eb nj\u00eb material sintetik q\u00eb p\u00ebrdoret zakonisht p\u00ebr trajtimet sip\u00ebrfaq\u00ebsore t\u00eb pllakave t\u00eb grira n\u00eb mobilje dhe nd\u00ebrtime sip\u00ebrfaq\u00ebsore, i vler\u00ebsuar p\u00ebr q\u00ebndrueshm\u00ebrin\u00eb dhe leht\u00ebsin\u00eb e mir\u00ebmbajtjes. Aplikohet n\u00eb n\u00ebnshtresa t\u00eb tilla si kompensat\u00eb MDF ose OSB p\u00ebr t\u00eb prodhuar sip\u00ebrfaqe t\u00eb q\u00ebndrueshme. <\/li>\n<\/ul>\n<p><strong>Mir\u00ebmbajtja e materialit:<\/strong><\/p>\n<ul>\n<li>D\u00ebrras\u00eb chip: P\u00ebr pastrimin e chipboard, p\u00ebrdorni nj\u00eb leck\u00eb t\u00eb but\u00eb t\u00eb lagur pak me uj\u00eb dhe detergjent t\u00eb but\u00eb. Shmangni ujin e tep\u00ebrt dhe mbajeni sip\u00ebrfaqen t\u00eb that\u00eb pas pastrimit. <\/li>\n<li>Melamine (LPB): P\u00ebr t\u00eb hequr njollat nga sip\u00ebrfaqja, p\u00ebrdorni nj\u00eb leck\u00eb t\u00eb but\u00eb me uj\u00eb t\u00eb ngroht\u00eb dhe sapun t\u00eb but\u00eb. Fshijeni but\u00ebsisht sip\u00ebrfaqen derisa t\u00eb hiqet njolla. Melamina \u00ebsht\u00eb e ndjeshme ndaj lag\u00ebshtir\u00ebs, ndaj \u00ebsht\u00eb e r\u00ebnd\u00ebsishme ta mbroni at\u00eb nga uji.  <\/li>\n<\/ul>\n<p><strong>Sh\u00ebnimet:<\/strong><\/p>\n<ul>\n<li>Produkti dor\u00ebzohet i pamontuar n\u00eb paketimin e fabrik\u00ebs, me udh\u00ebzime t\u00eb detajuara montimi.<\/li>\n<li>Ngjyra e produktit mund t\u00eb ndryshoj\u00eb pak nga paraqitja fotografike n\u00eb ekranin tuaj.<\/li>\n<\/ul>\n","protected":false},"excerpt":{"rendered":"<p>5207351267761<\/p>\n","protected":false},"featured_media":9866,"comment_status":"open","ping_status":"closed","template":"","meta":[],"product_cat":[121],"product_tag":[],"class_list":{"0":"post-9858","1":"product","2":"type-product","3":"status-publish","4":"has-post-thumbnail","6":"product_cat-tavolina-ngrenie","8":"first","9":"instock","10":"purchasable","11":"product-type-simple","12":"col-xs-6 col-sm-4","13":"col-md-3 col-lg-3","14":"un-4-cols"},"_links":{"self":[{"href":"https:\/\/viphomecentral.com\/index.php?rest_route=\/wp\/v2\/product\/9858","targetHints":{"allow":["GET"]}}],"collection":[{"href":"https:\/\/viphomecentral.com\/index.php?rest_route=\/wp\/v2\/product"}],"about":[{"href":"https:\/\/viphomecentral.com\/index.php?rest_route=\/wp\/v2\/types\/product"}],"replies":[{"embeddable":true,"href":"https:\/\/viphomecentral.com\/index.php?rest_route=%2Fwp%2Fv2%2Fcomments&post=9858"}],"wp:featuredmedia":[{"embeddable":true,"href":"https:\/\/viphomecentral.com\/index.php?rest_route=\/wp\/v2\/media\/9866"}],"wp:attachment":[{"href":"https:\/\/viphomecentral.com\/index.php?rest_route=%2Fwp%2Fv2%2Fmedia&parent=9858"}],"wp:term":[{"taxonomy":"product_cat","embeddable":true,"href":"https:\/\/viphomecentral.com\/index.php?rest_route=%2Fwp%2Fv2%2Fproduct_cat&post=9858"},{"taxonomy":"product_tag","embeddable":true,"href":"https:\/\/viphomecentral.com\/index.php?rest_route=%2Fwp%2Fv2%2Fproduct_tag&post=9858"}],"curies":[{"name":"wp","href":"https:\/\/api.w.org\/{rel}","templated":true}]}}