{"id":83848,"date":"2025-07-04T10:05:56","date_gmt":"2025-07-04T10:05:56","guid":{"rendered":"https:\/\/viphomecentral.com\/?product=canvas-painting-chupa-e-inart-60x3x60cm"},"modified":"2025-07-04T10:05:56","modified_gmt":"2025-07-04T10:05:56","slug":"canvas-painting-chupa-e-inart-60x3x60cm","status":"publish","type":"product","link":"https:\/\/viphomecentral.com\/?product=canvas-painting-chupa-e-inart-60x3x60cm","title":{"rendered":"Canvas painting Chupa \u00c9 Inart 60x3x60cm"},"content":{"rendered":"<p>Chupa \u00c9 Canvas PaintingThe Chupa \u00c9\u00a0canvas painting, entirely hand-painted, is a beautiful and timeless work of art that can add a touch of warmth and romance to any space. Technical Specifications:\tMaterial: Constructed from sturdy fir wood, providing a solid foundation that can withstand everyday wear and tear.\tColors: The warm colors and blooming appearance of the trees express optimism and hope for the future.\tNature: The painting is a celebration of nature and its beauty.\tAtmosphere: The abstract nature of the painting and its soft colors create a romantic atmosphere.Dimensions: Length: 60 cm, Width: 3 cm, Height: 60 cm.Material Information:\tFirwood: A softwood known for its flexibility and durability, commonly used in furniture making.Care Instructions:\tFirwood: Regularly dust with a soft cloth to remove dirt and grime.Notes:\tAssembly: The product is delivered fully assembled in factory packaging.\tColor Variation: The actual color may vary slightly from the image displayed on your screen.<\/p>\n","protected":false},"excerpt":{"rendered":"<p>Dor\u00ebzimi <\/p>\n","protected":false},"featured_media":83849,"comment_status":"closed","ping_status":"open","template":"","meta":[],"product_cat":[189,463],"product_tag":[],"class_list":{"0":"post-83848","1":"product","2":"type-product","3":"status-publish","4":"has-post-thumbnail","6":"product_cat-decoration","7":"product_cat-paintings","8":"pa_matriali-color-dieoxnuii","9":"pa_ngjyra-k-d-no","11":"first","12":"instock","13":"purchasable","14":"product-type-simple","15":"col-xs-6 col-sm-4","16":"col-md-3 col-lg-3","17":"un-4-cols"},"_links":{"self":[{"href":"https:\/\/viphomecentral.com\/index.php?rest_route=\/wp\/v2\/product\/83848","targetHints":{"allow":["GET"]}}],"collection":[{"href":"https:\/\/viphomecentral.com\/index.php?rest_route=\/wp\/v2\/product"}],"about":[{"href":"https:\/\/viphomecentral.com\/index.php?rest_route=\/wp\/v2\/types\/product"}],"replies":[{"embeddable":true,"href":"https:\/\/viphomecentral.com\/index.php?rest_route=%2Fwp%2Fv2%2Fcomments&post=83848"}],"wp:featuredmedia":[{"embeddable":true,"href":"https:\/\/viphomecentral.com\/index.php?rest_route=\/wp\/v2\/media\/83849"}],"wp:attachment":[{"href":"https:\/\/viphomecentral.com\/index.php?rest_route=%2Fwp%2Fv2%2Fmedia&parent=83848"}],"wp:term":[{"taxonomy":"product_cat","embeddable":true,"href":"https:\/\/viphomecentral.com\/index.php?rest_route=%2Fwp%2Fv2%2Fproduct_cat&post=83848"},{"taxonomy":"product_tag","embeddable":true,"href":"https:\/\/viphomecentral.com\/index.php?rest_route=%2Fwp%2Fv2%2Fproduct_tag&post=83848"}],"curies":[{"name":"wp","href":"https:\/\/api.w.org\/{rel}","templated":true}]}}