{"id":83766,"date":"2025-07-04T10:04:18","date_gmt":"2025-07-04T10:04:18","guid":{"rendered":"https:\/\/viphomecentral.com\/?product=canvas-painting-lilibet-e-inart-60x2-5x90cm"},"modified":"2025-07-04T10:04:18","modified_gmt":"2025-07-04T10:04:18","slug":"canvas-painting-lilibet-e-inart-60x2-5x90cm","status":"publish","type":"product","link":"https:\/\/viphomecentral.com\/?product=canvas-painting-lilibet-e-inart-60x2-5x90cm","title":{"rendered":"Canvas painting Lilibet \u00c9 Inart 60&#215;2.5x90cm"},"content":{"rendered":"<p>Lilibet \u00c9 Canvas PaintingThe Lilibet \u00c9 canvas painting is a beautiful and striking work of art that celebrates feminine beauty and purity. The woman&#8217;s face is the central point of interest. Her features are strong and expressive, conveying a sense of tranquility as well as power and self-confidence.Technical Specifications:\tMaterial: Constructed from sturdy fir wood, providing a solid foundation that can withstand everyday wear and tear.\tColors: The painting features warm and rich colors, creating a sense of luxury and femininity.Dimensions: Length: 60 cm, Width: 2.5 cm, Height: 90 cm.Material Information:\tFirwood: A softwood known for its flexibility and durability, commonly used in furniture making.Care Instructions:\tFirwood: Regularly dust with a soft cloth to remove dirt and grime.Notes:\tAssembly: The product is delivered fully assembled in factory packaging.\tColor Variation: The actual color may vary slightly from the image displayed on your screen<\/p>\n","protected":false},"excerpt":{"rendered":"<p>Dor\u00ebzimi <\/p>\n","protected":false},"featured_media":83767,"comment_status":"closed","ping_status":"open","template":"","meta":[],"product_cat":[189,463],"product_tag":[],"class_list":{"0":"post-83766","1":"product","2":"type-product","3":"status-publish","4":"has-post-thumbnail","6":"product_cat-decoration","7":"product_cat-paintings","8":"pa_matriali-color-dieoxnuii","9":"pa_ngjyra-k-d-no","11":"first","12":"instock","13":"purchasable","14":"product-type-simple","15":"col-xs-6 col-sm-4","16":"col-md-3 col-lg-3","17":"un-4-cols"},"_links":{"self":[{"href":"https:\/\/viphomecentral.com\/index.php?rest_route=\/wp\/v2\/product\/83766","targetHints":{"allow":["GET"]}}],"collection":[{"href":"https:\/\/viphomecentral.com\/index.php?rest_route=\/wp\/v2\/product"}],"about":[{"href":"https:\/\/viphomecentral.com\/index.php?rest_route=\/wp\/v2\/types\/product"}],"replies":[{"embeddable":true,"href":"https:\/\/viphomecentral.com\/index.php?rest_route=%2Fwp%2Fv2%2Fcomments&post=83766"}],"wp:featuredmedia":[{"embeddable":true,"href":"https:\/\/viphomecentral.com\/index.php?rest_route=\/wp\/v2\/media\/83767"}],"wp:attachment":[{"href":"https:\/\/viphomecentral.com\/index.php?rest_route=%2Fwp%2Fv2%2Fmedia&parent=83766"}],"wp:term":[{"taxonomy":"product_cat","embeddable":true,"href":"https:\/\/viphomecentral.com\/index.php?rest_route=%2Fwp%2Fv2%2Fproduct_cat&post=83766"},{"taxonomy":"product_tag","embeddable":true,"href":"https:\/\/viphomecentral.com\/index.php?rest_route=%2Fwp%2Fv2%2Fproduct_tag&post=83766"}],"curies":[{"name":"wp","href":"https:\/\/api.w.org\/{rel}","templated":true}]}}