{"id":53954,"date":"2025-04-22T11:17:58","date_gmt":"2025-04-22T11:17:58","guid":{"rendered":"http:\/\/viphomecentral.com\/?product=extendable-bookcase-thorin-pakoworld-black-natural-163-5x22x150cm"},"modified":"2025-07-04T08:42:38","modified_gmt":"2025-07-04T08:42:38","slug":"extendable-bookcase-thorin-pakoworld-black-natural-163-5x22x150cm","status":"publish","type":"product","link":"https:\/\/viphomecentral.com\/?product=extendable-bookcase-thorin-pakoworld-black-natural-163-5x22x150cm","title":{"rendered":"Extendable bookcase Thorin pakoworld black-natural 163.5x22x150cm"},"content":{"rendered":"<p>Click Here to download the Product Assembly Instructions.Are you looking for a bookcase that will help you put your books in order while also decorating your space? Thorin is here to give your space a breath of fresh air by combining aesthetics and ergonomics.Specifications:\tFrame and shelves made of high-quality chipboard with melamine coating with resistance to wear and time.\tIncludes multiple shelves for open storage of books and other items of your daily life.\tIt is expandable offering an elegant result.\tOffered in black-natural color.Product dimensions:\t\u00cc\u00de\u00ea\u00ef\u00f2: 163.5 \u00e5\u00ea ( \u00fc\u00f4\u00e1\u00ed \u00e5\u00df\u00ed\u00e1\u00e9 \u00ea\u00eb\u00e5\u00e9\u00f3\u00f4\u00de 100 \u00e5\u00ea. )\t\u00d0\u00eb\u00dc\u00f4\u00ef\u00f2: 22 \u00e5\u00ea\t\u00be\u00f8\u00ef\u00f2: 150 \u00e5\u00ea\t\u00cc\u00de\u00ea\u00ef\u00f2 \u00f1\u00e1\u00f6\u00e9\u00fe\u00ed: 50 \u00e5\u00ea \tRemarks:\tThe product is delivered unassembled in its factory packaging and is accompanied by a detailed assembly guide. \tThe color shade of the product may differ slightly from its photographic representation on your screen.<\/p>\n","protected":false},"excerpt":{"rendered":"<p>Dor\u00ebzimi <\/p>\n","protected":false},"featured_media":53955,"comment_status":"closed","ping_status":"open","template":"","meta":[],"product_cat":[325,317],"product_tag":[],"class_list":{"0":"post-53954","1":"product","2":"type-product","3":"status-publish","4":"has-post-thumbnail","6":"product_cat-bookshelves","7":"product_cat-indoor-furniture","8":"pa_matriali-color-black-natural","9":"pa_ngjyra-k-d-yes","11":"first","12":"outofstock","13":"purchasable","14":"product-type-simple","15":"col-xs-6 col-sm-4","16":"col-md-3 col-lg-3","17":"un-4-cols"},"_links":{"self":[{"href":"https:\/\/viphomecentral.com\/index.php?rest_route=\/wp\/v2\/product\/53954","targetHints":{"allow":["GET"]}}],"collection":[{"href":"https:\/\/viphomecentral.com\/index.php?rest_route=\/wp\/v2\/product"}],"about":[{"href":"https:\/\/viphomecentral.com\/index.php?rest_route=\/wp\/v2\/types\/product"}],"replies":[{"embeddable":true,"href":"https:\/\/viphomecentral.com\/index.php?rest_route=%2Fwp%2Fv2%2Fcomments&post=53954"}],"wp:featuredmedia":[{"embeddable":true,"href":"https:\/\/viphomecentral.com\/index.php?rest_route=\/wp\/v2\/media\/53955"}],"wp:attachment":[{"href":"https:\/\/viphomecentral.com\/index.php?rest_route=%2Fwp%2Fv2%2Fmedia&parent=53954"}],"wp:term":[{"taxonomy":"product_cat","embeddable":true,"href":"https:\/\/viphomecentral.com\/index.php?rest_route=%2Fwp%2Fv2%2Fproduct_cat&post=53954"},{"taxonomy":"product_tag","embeddable":true,"href":"https:\/\/viphomecentral.com\/index.php?rest_route=%2Fwp%2Fv2%2Fproduct_tag&post=53954"}],"curies":[{"name":"wp","href":"https:\/\/api.w.org\/{rel}","templated":true}]}}