{"id":44124,"date":"2025-04-22T00:29:25","date_gmt":"2025-04-22T00:29:25","guid":{"rendered":"http:\/\/viphomecentral.com\/?product=dining-set-3pcs-gaus-naoki-pakoworld-metal-black-pe-natural"},"modified":"2025-07-04T08:17:44","modified_gmt":"2025-07-04T08:17:44","slug":"dining-set-3pcs-gaus-naoki-pakoworld-metal-black-pe-natural","status":"publish","type":"product","link":"https:\/\/viphomecentral.com\/?product=dining-set-3pcs-gaus-naoki-pakoworld-metal-black-pe-natural","title":{"rendered":"Dining set 3pcs Gaus-Naoki pakoworld metal black-pe natural."},"content":{"rendered":"<p>Garden dining set 3pcs Gaus-Naoki pakoworld metal black-pe natural.Do you want a durable dining set for your balcony or garden that will aesthetically upgrade your space? The Gaus-Naoki range is ideal for you as it combines aesthetics with build quality.The set includes two armchairs and a table.Technical Specifications:\tStable frame made of high quality metal (legs D50mm) with resistance to stress and wear.\tMainly surface made of PE rattan. PE rattan is a type of ecological synthetic rattan, recyclable and more durable than other species.\tCair includes\u00a0a cushion for the seat 2cm\u00a0in white ivory color which has a zipper.\tThe table has a tempered glass 6mm &#8211; transparent with rounded edges to avoid injuries.\tHigh durability: suitable for outdoor use exposed to weather and humidity.\tAvailable in color:\u00a0Natural &#8211; Black.Product Dimensions:Table dimensions:\tLength: 70 cm.\tDepth:\u00a070 cm.\tHeight:\u00a074 cm.Armchair dimensions:\tLength:\u00a059 cm\tWidth: 57\u00a0cm\tHeight:\u00a081 cm\tSeat height: 43 cm\u00d0\u00eb\u00e7\u00f1\u00ef\u00f6\u00ef\u00f1\u00df\u00e5\u00f2 \u00f5\u00eb\u00e9\u00ea\u00fe\u00ed:\tPE Rattan:\u00a0\u00c5\u00df\u00ed\u00e1\u00e9 \u00dd\u00ed\u00e1 \u00e4\u00e7\u00ec\u00ef\u00f6\u00e9\u00eb\u00dd\u00f2 \u00f5\u00eb\u00e9\u00ea\u00fc, \u00e1\u00f0\u00ef\u00ec\u00df\u00ec\u00e7\u00f3\u00e7 \u00f6\u00f5\u00f3\u00e9\u00ea\u00ef\u00fd rattan, \u00f0\u00ef\u00f5 \u00f7\u00f1\u00e7\u00f3\u00e9\u00ec\u00ef\u00f0\u00ef\u00e9\u00e5\u00df\u00f4\u00e1\u00e9 \u00f3\u00f4\u00e7\u00ed \u00ea\u00e1\u00f4\u00e1\u00f3\u00ea\u00e5\u00f5\u00de \u00e5\u00f0\u00df\u00f0\u00eb\u00f9\u00ed \u00ea\u00e1\u00e9 \u00e1\u00ee\u00e5\u00f3\u00ef\u00f5\u00dc\u00f1. \u00ca\u00e1\u00f4\u00e1\u00f3\u00ea\u00e5\u00f5\u00dc\u00e6\u00e5\u00f4\u00e1\u00e9 \u00e1\u00f0\u00fc \u00f0\u00ef\u00eb\u00f5\u00e1\u00e9\u00e8\u00f5\u00eb\u00dd\u00ed\u00e9\u00ef (polyethylene), \u00f4\u00ef \u00ef\u00f0\u00ef\u00df\u00ef \u00e5\u00df\u00ed\u00e1\u00e9 \u00ec\u00e9\u00e1 \u00e1\u00ed\u00e8\u00e5\u00ea\u00f4\u00e9\u00ea\u00de \u00f3\u00f5\u00ed\u00e8\u00e5\u00f4\u00e9\u00ea\u00de \u00f0\u00ef\u00eb\u00f5\u00ec\u00e5\u00f1\u00de\u00f2 \u00f1\u00e7\u00f4\u00df\u00ed\u00e7. \u00c5\u00df\u00ed\u00e1\u00e9 \u00e1\u00ed\u00e8\u00e5\u00ea\u00f4\u00e9\u00ea\u00fc \u00f3\u00f4\u00e9\u00f2 \u00ea\u00e1\u00e9\u00f1\u00e9\u00ea\u00dd\u00f2 \u00f3\u00f5\u00ed\u00e8\u00de\u00ea\u00e5\u00f2, \u00e4\u00e5\u00ed \u00f6\u00e8\u00e5\u00df\u00f1\u00e5\u00f4\u00e1\u00e9 \u00e1\u00f0\u00fc \u00f4\u00ef\u00ed \u00de\u00eb\u00e9\u00ef \u00de \u00f4\u00e7 \u00e2\u00f1\u00ef\u00f7\u00de \u00ea\u00e1\u00e9 \u00e4\u00e5\u00ed \u00ee\u00e5\u00e8\u00f9\u00f1\u00e9\u00dc\u00e6\u00e5\u00e9, \u00e5\u00ed\u00fe \u00f0\u00e1\u00f1\u00dc\u00eb\u00eb\u00e7\u00eb\u00e1\u00a0 \u00e5\u00df\u00ed\u00e1\u00e9 \u00f6\u00e9\u00eb\u00e9\u00ea\u00fc \u00f0\u00f1\u00ef\u00f2 \u00f4\u00ef \u00f0\u00e5\u00f1\u00e9\u00e2\u00dc\u00eb\u00eb\u00ef\u00ed.\tTempered glass- \u00c3\u00f5\u00e1\u00eb\u00df \u00e1\u00f3\u00f6\u00e1\u00eb\u00e5\u00df\u00e1\u00f2: \u00d4\u00ef tempered glass, \u00e3\u00ed\u00f9\u00f3\u00f4\u00fc \u00ea\u00e1\u00e9 \u00f9\u00f2 \u00f3\u00ea\u00eb\u00e7\u00f1\u00f5\u00ec\u00dd\u00ed\u00ef \u00de \u00e8\u00e5\u00f1\u00ec\u00e9\u00ea\u00dc \u00e5\u00f0\u00e5\u00ee\u00e5\u00f1\u00e3\u00e1\u00f3\u00ec\u00dd\u00ed\u00ef \u00e3\u00f5\u00e1\u00eb\u00df, \u00e5\u00df\u00ed\u00e1\u00e9 \u00dd\u00ed\u00e1 \u00e5\u00df\u00e4\u00ef\u00f2 \u00e3\u00f5\u00e1\u00eb\u00e9\u00ef\u00fd \u00e1\u00f3\u00f6\u00e1\u00eb\u00e5\u00df\u00e1\u00f2 \u00f0\u00ef\u00f5 \u00dd\u00f7\u00e5\u00e9 \u00f5\u00f0\u00ef\u00f3\u00f4\u00e5\u00df \u00e5\u00e9\u00e4\u00e9\u00ea\u00de \u00e5\u00f0\u00e5\u00ee\u00e5\u00f1\u00e3\u00e1\u00f3\u00df\u00e1 \u00e3\u00e9\u00e1 \u00ed\u00e1 \u00e1\u00f5\u00ee\u00de\u00f3\u00e5\u00e9 \u00f4\u00e7\u00ed \u00e1\u00ed\u00f4\u00ef\u00f7\u00de \u00f4\u00ef\u00f5 \u00f3\u00e5 \u00f3\u00fd\u00e3\u00ea\u00f1\u00e9\u00f3\u00e7 \u00ec\u00e5 \u00f4\u00ef \u00e1\u00f0\u00eb\u00fc \u00e3\u00f5\u00e1\u00eb\u00df. \u00c7 \u00e4\u00e9\u00e1\u00e4\u00e9\u00ea\u00e1\u00f3\u00df\u00e1 \u00e8\u00e5\u00f1\u00ec\u00e9\u00ea\u00de\u00f2 \u00e5\u00f0\u00e5\u00ee\u00e5\u00f1\u00e3\u00e1\u00f3\u00df\u00e1\u00f2 \u00f0\u00e5\u00f1\u00e9\u00eb\u00e1\u00ec\u00e2\u00dc\u00ed\u00e5\u00e9 \u00f4\u00e7 \u00e8\u00dd\u00f1\u00ec\u00e1\u00ed\u00f3\u00e7 \u00f4\u00ef\u00f5 \u00e3\u00f5\u00e1\u00eb\u00e9\u00ef\u00fd \u00f3\u00e5 \u00f5\u00f8\u00e7\u00eb\u00de \u00e8\u00e5\u00f1\u00ec\u00ef\u00ea\u00f1\u00e1\u00f3\u00df\u00e1 \u00ea\u00e1\u00e9 \u00f4\u00e7\u00ed \u00e1\u00f0\u00fc\u00f4\u00ef\u00ec\u00e7 \u00f8\u00fd\u00ee\u00e7 \u00f4\u00ef\u00f5. \u00c1\u00f5\u00f4\u00fc \u00e4\u00e7\u00ec\u00e9\u00ef\u00f5\u00f1\u00e3\u00e5\u00df \u00ec\u00e9\u00e1 \u00f4\u00dc\u00f3\u00e7 \u00f3\u00f5\u00ec\u00f0\u00df\u00e5\u00f3\u00e7\u00f2 \u00f3\u00f4\u00e7\u00ed \u00e5\u00f0\u00e9\u00f6\u00dc\u00ed\u00e5\u00e9\u00e1 \u00f4\u00ef\u00f5 \u00e3\u00f5\u00e1\u00eb\u00e9\u00ef\u00fd \u00ea\u00e1\u00e9 \u00ec\u00e9\u00e1 \u00f4\u00dc\u00f3\u00e7 \u00e5\u00f6\u00e5\u00eb\u00ea\u00f5\u00f3\u00ec\u00ef\u00fd \u00f3\u00f4\u00ef \u00e5\u00f3\u00f9\u00f4\u00e5\u00f1\u00e9\u00ea\u00fc, \u00ea\u00e1\u00e8\u00e9\u00f3\u00f4\u00fe\u00ed\u00f4\u00e1\u00f2 \u00f4\u00ef \u00f0\u00e9\u00ef \u00e1\u00ed\u00e8\u00e5\u00ea\u00f4\u00e9\u00ea\u00fc \u00f3\u00e5 \u00ea\u00f1\u00ef\u00fd\u00f3\u00e5\u00e9\u00f2, \u00e8\u00e5\u00f1\u00ec\u00e9\u00ea\u00dc \u00f3\u00ef\u00ea \u00ea\u00e1\u00e9 \u00e3\u00f1\u00e1\u00f4\u00e6\u00ef\u00f5\u00ed\u00e9\u00dd\u00f2. E\u00df\u00ed\u00e1\u00e9 \u00f0\u00e5\u00f1\u00df\u00f0\u00ef\u00f5 5 \u00f6\u00ef\u00f1\u00dd\u00f2 \u00f0\u00e9\u00ef \u00e1\u00ed\u00e8\u00e5\u00ea\u00f4\u00e9\u00ea\u00fc \u00e1\u00f0\u00fc \u00f4\u00ef \u00e1\u00f0\u00eb\u00fc \u00e3\u00f5\u00e1\u00eb\u00df \u00f3\u00e5 \u00ea\u00f1\u00ef\u00fd\u00f3\u00e5\u00e9\u00f2. \u00b8\u00ed\u00e1 \u00f3\u00e7\u00ec\u00e1\u00ed\u00f4\u00e9\u00ea\u00fc \u00f0\u00eb\u00e5\u00ef\u00ed\u00dd\u00ea\u00f4\u00e7\u00ec\u00e1 \u00e5\u00df\u00ed\u00e1\u00e9 \u00f0\u00f9\u00f2 \u00f3\u00e5 \u00f0\u00e5\u00f1\u00df\u00f0\u00f4\u00f9\u00f3\u00e7 \u00e8\u00f1\u00e1\u00fd\u00f3\u00e7\u00f2, \u00f4\u00ef tempered glass \u00e8\u00f1\u00f5\u00ec\u00ec\u00e1\u00f4\u00df\u00e6\u00e5\u00f4\u00e1\u00e9 \u00f3\u00e5 \u00ec\u00e9\u00ea\u00f1\u00dc, \u00e1\u00ec\u00e2\u00eb\u00e5\u00df\u00e1 \u00e8\u00f1\u00e1\u00fd\u00f3\u00ec\u00e1\u00f4\u00e1, \u00ec\u00e5\u00e9\u00fe\u00ed\u00ef\u00ed\u00f4\u00e1\u00f2 \u00f4\u00ef\u00ed \u00ea\u00df\u00ed\u00e4\u00f5\u00ed\u00ef \u00f3\u00ef\u00e2\u00e1\u00f1\u00ef\u00fd \u00f4\u00f1\u00e1\u00f5\u00ec\u00e1\u00f4\u00e9\u00f3\u00ec\u00ef\u00fd. \u00d7\u00f1\u00e7\u00f3\u00e9\u00ec\u00ef\u00f0\u00ef\u00e9\u00e5\u00df\u00f4\u00e1\u00e9 \u00f3\u00e5 \u00f4\u00f1\u00e1\u00f0\u00dd\u00e6\u00e9\u00e1, \u00e3\u00f1\u00e1\u00f6\u00e5\u00df\u00e1, \u00dd\u00f0\u00e9\u00f0\u00eb\u00e1 \u00f4\u00e7\u00eb\u00e5\u00fc\u00f1\u00e1\u00f3\u00e7\u00f2 \u00ea.\u00dc.\t\u00cc\u00dd\u00f4\u00e1\u00eb\u00eb\u00ef: \u00d4\u00ef \u00ec\u00dd\u00f4\u00e1\u00eb\u00eb\u00ef \u00f7\u00f1\u00e7\u00f3\u00e9\u00ec\u00ef\u00f0\u00ef\u00e9\u00e5\u00df\u00f4\u00e1\u00e9 \u00e5\u00f5\u00f1\u00dd\u00f9\u00f2 \u00f3\u00f4\u00e7\u00ed \u00ea\u00e1\u00f4\u00e1\u00f3\u00ea\u00e5\u00f5\u00de \u00e5\u00f0\u00df\u00f0\u00eb\u00f9\u00ed, \u00f0\u00f1\u00ef\u00f3\u00f6\u00dd\u00f1\u00ef\u00ed\u00f4\u00e1\u00f2 \u00ec\u00e9\u00e1 \u00f3\u00e5\u00e9\u00f1\u00dc \u00e1\u00f0\u00fc \u00f0\u00eb\u00e5\u00ef\u00ed\u00e5\u00ea\u00f4\u00de\u00ec\u00e1\u00f4\u00e1 \u00f3\u00e5 \u00f3\u00f7\u00dd\u00f3\u00e7 \u00ec\u00e5 \u00dc\u00eb\u00eb\u00e1 \u00f5\u00eb\u00e9\u00ea\u00dc. \u00c5\u00df\u00ed\u00e1\u00e9 \u00e5\u00ee\u00e1\u00e9\u00f1\u00e5\u00f4\u00e9\u00ea\u00dc \u00e1\u00ed\u00e8\u00e5\u00ea\u00f4\u00e9\u00ea\u00fc \u00f3\u00e5 \u00f6\u00e8\u00ef\u00f1\u00dd\u00f2, \u00e9\u00e4\u00e1\u00ed\u00e9\u00ea\u00fc \u00e3\u00e9\u00e1 \u00dd\u00f0\u00e9\u00f0\u00eb\u00e1 \u00f0\u00ef\u00f5 \u00f0\u00f1\u00ef\u00ef\u00f1\u00df\u00e6\u00ef\u00ed\u00f4\u00e1\u00e9 \u00e3\u00e9\u00e1 \u00ea\u00e1\u00e8\u00e7\u00ec\u00e5\u00f1\u00e9\u00ed\u00de \u00f7\u00f1\u00de\u00f3\u00e7 \u00f3\u00e5 \u00dd\u00ed\u00e1 \u00e1\u00f0\u00e1\u00e9\u00f4\u00e7\u00f4\u00e9\u00ea\u00fc \u00f0\u00e5\u00f1\u00e9\u00e2\u00dc\u00eb\u00eb\u00ef\u00ed. \u00c4\u00e9\u00e1\u00f4\u00e7\u00f1\u00e5\u00df \u00f4\u00ef \u00f3\u00f7\u00de\u00ec\u00e1 \u00ea\u00e1\u00e9 \u00f4\u00e7 \u00e4\u00ef\u00ec\u00de \u00f4\u00ef\u00f5 \u00dc\u00f8\u00ef\u00e3\u00e1, \u00e5\u00ee\u00e1\u00f3\u00f6\u00e1\u00eb\u00df\u00e6\u00ef\u00ed\u00f4\u00e1\u00f2 \u00f3\u00f4\u00e1\u00e8\u00e5\u00f1\u00fc\u00f4\u00e7\u00f4\u00e1 \u00ea\u00e1\u00e9 \u00ec\u00e1\u00ea\u00f1\u00ef\u00e6\u00f9\u00df\u00e1 \u00f3\u00f4\u00e1 \u00dd\u00f0\u00e9\u00f0\u00eb\u00e1. \u00c5\u00ea\u00f4\u00fc\u00f2 \u00e1\u00f0\u00fc \u00f4\u00e9\u00f2 \u00e9\u00e4\u00e9\u00fc\u00f4\u00e7\u00f4\u00e5\u00f2 \u00f0\u00ef\u00f5 \u00e1\u00ed\u00e1\u00f6\u00dd\u00f1\u00e8\u00e7\u00ea\u00e1\u00ed \u00f0\u00e1\u00f1\u00e1\u00f0\u00dc\u00ed\u00f9, \u00f4\u00ef \u00ec\u00dd\u00f4\u00e1\u00eb\u00eb\u00ef \u00ec\u00f0\u00ef\u00f1\u00e5\u00df \u00ed\u00e1 \u00dd\u00f7\u00e5\u00e9 \u00ea\u00e1\u00e9 \u00dc\u00eb\u00eb\u00e1 \u00f7\u00e1\u00f1\u00e1\u00ea\u00f4\u00e7\u00f1\u00e9\u00f3\u00f4\u00e9\u00ea\u00dc, \u00fc\u00f0\u00f9\u00f2 \u00e7 \u00e1\u00ed\u00f4\u00e9\u00ec\u00e9\u00ea\u00f1\u00ef\u00e2\u00e9\u00e1\u00ea\u00de \u00e4\u00f1\u00dc\u00f3\u00e7 (\u00f7\u00e1\u00eb\u00ea\u00fc\u00f2) \u00de \u00f5\u00f0\u00e5\u00f1\u00e1\u00e3\u00f9\u00e3\u00e9\u00ec\u00fc\u00f4\u00e7\u00f4\u00e1 (\u00ec\u00ef\u00eb\u00f5\u00e2\u00e4\u00dd\u00ed\u00e9\u00ef).\t\u00be\u00f6\u00e1\u00f3\u00ec\u00e1 \u00ec\u00e1\u00ee\u00e9\u00eb\u00e1\u00f1\u00e9\u00ef\u00fd: \u00d4\u00ef \u00fd\u00f6\u00e1\u00f3\u00ec\u00e1 \u00e5\u00df\u00ed\u00e1\u00e9 \u00dd\u00ed\u00e1 \u00e5\u00f5\u00dd\u00eb\u00e9\u00ea\u00f4\u00ef \u00f5\u00eb\u00e9\u00ea\u00fc \u00f0\u00ef\u00f5 \u00ea\u00e1\u00f4\u00e1\u00f3\u00ea\u00e5\u00f5\u00dc\u00e6\u00e5\u00f4\u00e1\u00e9 \u00e1\u00f0\u00fc \u00f4\u00e7\u00ed \u00fd\u00f6\u00e1\u00ed\u00f3\u00e7, \u00f0\u00eb\u00dd\u00ee\u00e9\u00ec\u00ef, \u00e2\u00e5\u00eb\u00ef\u00ed\u00e9\u00dc \u00de \u00f3\u00f5\u00e3\u00ea\u00fc\u00eb\u00eb\u00e7\u00f3\u00e7 \u00e9\u00ed\u00fe\u00ed. \u00c1\u00f5\u00f4\u00dd\u00f2 \u00ef\u00e9 \u00df\u00ed\u00e5\u00f2 \u00ec\u00f0\u00ef\u00f1\u00e5\u00df \u00ed\u00e1 \u00e5\u00df\u00ed\u00e1\u00e9 \u00f6\u00f5\u00f3\u00e9\u00ea\u00dd\u00f2, \u00fc\u00f0\u00f9\u00f2 \u00e2\u00e1\u00ec\u00e2\u00dc\u00ea\u00e9, \u00ec\u00e1\u00eb\u00eb\u00df \u00de \u00ec\u00e5\u00f4\u00dc\u00ee\u00e9, \u00de \u00f3\u00f5\u00ed\u00e8\u00e5\u00f4\u00e9\u00ea\u00dd\u00f2, \u00fc\u00f0\u00f9\u00f2 \u00f0\u00ef\u00eb\u00f5\u00e5\u00f3\u00f4\u00dd\u00f1\u00e1\u00f2 \u00de \u00ed\u00dc\u00e9\u00eb\u00ef\u00ed. \u00c7 \u00fd\u00f6\u00e1\u00ed\u00f3\u00e7 \u00f4\u00f9\u00ed \u00e9\u00ed\u00fe\u00ed \u00e4\u00e7\u00ec\u00e9\u00ef\u00f5\u00f1\u00e3\u00e5\u00df \u00dd\u00ed\u00e1 \u00e4\u00df\u00ea\u00f4\u00f5\u00ef \u00f0\u00ef\u00f5 \u00e4\u00df\u00ed\u00e5\u00e9 \u00f3\u00f4\u00ef \u00fd\u00f6\u00e1\u00f3\u00ec\u00e1 \u00f4\u00e9\u00f2 \u00e9\u00e4\u00e9\u00fc\u00f4\u00e7\u00f4\u00dd\u00f2 \u00f4\u00ef\u00f5, \u00fc\u00f0\u00f9\u00f2 \u00e7 \u00e1\u00ed\u00f4\u00ef\u00f7\u00de, \u00e7 \u00e1\u00f0\u00e1\u00eb\u00fc\u00f4\u00e7\u00f4\u00e1, \u00e7 \u00e4\u00e9\u00e1\u00f0\u00ed\u00ef\u00de \u00ea\u00e1\u00e9 \u00e7 \u00e5\u00eb\u00e1\u00f3\u00f4\u00e9\u00ea\u00fc\u00f4\u00e7\u00f4\u00e1. \u00d5\u00f0\u00dc\u00f1\u00f7\u00ef\u00f5\u00ed \u00dc\u00f0\u00e5\u00e9\u00f1\u00e5\u00f2 \u00f0\u00ef\u00e9\u00ea\u00e9\u00eb\u00df\u00e5\u00f2 \u00f5\u00f6\u00e1\u00f3\u00ec\u00dc\u00f4\u00f9\u00ed, \u00ea\u00e1\u00e8\u00e5\u00ec\u00e9\u00dc \u00ec\u00e5 \u00f4\u00e1 \u00e4\u00e9\u00ea\u00dc \u00f4\u00e7\u00f2 \u00ec\u00ef\u00ed\u00e1\u00e4\u00e9\u00ea\u00dc \u00f7\u00e1\u00f1\u00e1\u00ea\u00f4\u00e7\u00f1\u00e9\u00f3\u00f4\u00e9\u00ea\u00dc \u00ea\u00e1\u00e9 \u00f7\u00f1\u00de\u00f3\u00e5\u00e9\u00f2.\u00cf\u00e4\u00e7\u00e3\u00df\u00e5\u00f2 \u00f3\u00f5\u00ed\u00f4\u00de\u00f1\u00e7\u00f3\u00e7\u00f2:\tPE Rattan:\u00a0\u00c5\u00df\u00ed\u00e1\u00e9 \u00e5\u00fd\u00ea\u00ef\u00eb\u00ef \u00f3\u00f4\u00e7 \u00f3\u00f5\u00ed\u00f4\u00de\u00f1\u00e7\u00f3\u00e7 \u00ea\u00e1\u00e9 \u00f4\u00ef\u00ed \u00ea\u00e1\u00e8\u00e1\u00f1\u00e9\u00f3\u00ec\u00fc, \u00e1\u00f0\u00e1\u00e9\u00f4\u00e5\u00df \u00e1\u00f0\u00eb\u00fc \u00f0\u00eb\u00fd\u00f3\u00e9\u00ec\u00ef \u00ec\u00e5 \u00ed\u00e5\u00f1\u00fc \u00ea\u00e1\u00e9 \u00f3\u00e1\u00f0\u00ef\u00fd\u00ed\u00e9.\tTempered glass: \u00c1\u00f1\u00f7\u00e9\u00ea\u00dc, \u00f7\u00f1\u00e7\u00f3\u00e9\u00ec\u00ef\u00f0\u00ef\u00e9\u00de\u00f3\u00f4\u00e5 \u00dd\u00ed\u00e1 \u00e1\u00f0\u00e1\u00eb\u00fc \u00f5\u00e3\u00f1\u00fc \u00f0\u00e1\u00ed\u00df \u00ea\u00e1\u00e9 \u00de\u00f0\u00e9\u00ef \u00ea\u00e1\u00e8\u00e1\u00f1\u00e9\u00f3\u00f4\u00e9\u00ea\u00fc \u00de \u00e1\u00f0\u00eb\u00dc \u00ed\u00e5\u00f1\u00fc. \u00c1\u00f0\u00eb\u00fe\u00f3\u00f4\u00e5 \u00f4\u00ef \u00f0\u00e1\u00ed\u00df \u00f0\u00dc\u00ed\u00f9 \u00f3\u00f4\u00ef tempered glass \u00ea\u00e1\u00e9 \u00ea\u00e1\u00e8\u00e1\u00f1\u00df\u00f3\u00f4\u00e5 \u00f4\u00ef \u00ec\u00e5 \u00de\u00f0\u00e9\u00e5\u00f2 \u00ea\u00f5\u00ea\u00eb\u00e9\u00ea\u00dd\u00f2 \u00ea\u00e9\u00ed\u00de\u00f3\u00e5\u00e9\u00f2. \u00c1\u00f0\u00ef\u00f6\u00fd\u00e3\u00e5\u00f4\u00e5 \u00f4\u00e7\u00ed \u00f7\u00f1\u00de\u00f3\u00e7 \u00f5\u00f0\u00e5\u00f1\u00e2\u00ef\u00eb\u00e9\u00ea\u00de\u00f2 \u00f0\u00df\u00e5\u00f3\u00e7\u00f2 \u00e1\u00eb\u00eb\u00dc \u00ea\u00e1\u00e9 \u00f5\u00eb\u00e9\u00ea\u00fe\u00ed \u00f0\u00ef\u00f5 \u00ec\u00f0\u00ef\u00f1\u00e5\u00df \u00ed\u00e1 \u00f0\u00f1\u00ef\u00ea\u00e1\u00eb\u00dd\u00f3\u00ef\u00f5\u00ed \u00e3\u00f1\u00e1\u00f4\u00e6\u00ef\u00f5\u00ed\u00e9\u00dd\u00f2.\t\u00cc\u00dd\u00f4\u00e1\u00eb\u00eb\u00ef: \u00c5\u00dc\u00ed \u00f0\u00f1\u00fc\u00ea\u00e5\u00e9\u00f4\u00e1\u00e9 \u00e3\u00e9\u00e1 \u00ef\u00f0\u00ef\u00e9\u00ef\u00e4\u00de\u00f0\u00ef\u00f4\u00e5 \u00ec\u00dd\u00f4\u00e1\u00eb\u00eb\u00ef \u00e5\u00f3\u00f9\u00f4\u00e5\u00f1\u00e9\u00ea\u00ef\u00fd \u00f7\u00fe\u00f1\u00ef\u00f5, \u00dd\u00ed\u00e1 \u00ee\u00e5\u00f3\u00ea\u00fc\u00ed\u00e9\u00f3\u00ec\u00e1 \u00de \u00dd\u00ed\u00e1 \u00ea\u00e1\u00e8\u00dc\u00f1\u00e9\u00f3\u00ec\u00e1 \u00ec\u00e5 \u00f5\u00e3\u00f1\u00fc \u00f0\u00e1\u00ed\u00df \u00f3\u00e5 \u00f4\u00e1\u00ea\u00f4\u00dc \u00f7\u00f1\u00ef\u00ed\u00e9\u00ea\u00dc \u00e4\u00e9\u00e1\u00f3\u00f4\u00de\u00ec\u00e1\u00f4\u00e1 \u00e5\u00df\u00ed\u00e1\u00e9 \u00e7 \u00e5\u00ed\u00e4\u00e5\u00e4\u00e5\u00e9\u00e3\u00ec\u00dd\u00ed\u00e7 \u00e5\u00f0\u00e9\u00eb\u00ef\u00e3\u00de.\u00a0\u00d9\u00f3\u00f4\u00fc\u00f3\u00ef, \u00e5\u00dc\u00ed \u00f0\u00f1\u00fc\u00ea\u00e5\u00e9\u00f4\u00e1\u00e9 \u00e3\u00e9\u00e1 \u00ec\u00e5\u00f4\u00e1\u00eb\u00eb\u00e9\u00ea\u00dc \u00dd\u00f0\u00e9\u00f0\u00eb\u00e1 \u00e5\u00ee\u00f9\u00f4\u00e5\u00f1\u00e9\u00ea\u00ef\u00fd \u00f7\u00fe\u00f1\u00ef\u00f5, \u00e8\u00e1 \u00f0\u00f1\u00dd\u00f0\u00e5\u00e9 \u00ed\u00e1 \u00e1\u00ea\u00ef\u00eb\u00ef\u00f5\u00e8\u00de\u00f3\u00e5\u00f4\u00e5 \u00f4\u00e1 \u00f0\u00e1\u00f1\u00e1\u00ea\u00dc\u00f4\u00f9 \u00e2\u00de\u00ec\u00e1\u00f4\u00e1:\u00a0\t\t\t\u00c3\u00e9\u00e1 \u00ec\u00e5\u00e3\u00e1\u00eb\u00fd\u00f4\u00e5\u00f1\u00e7 \u00e4\u00e9\u00dc\u00f1\u00ea\u00e5\u00e9\u00e1 \u00f0\u00f1\u00ef\u00f3\u00f4\u00e1\u00f3\u00df\u00e1\u00f2, \u00f0\u00e5\u00f1\u00dc\u00f3\u00f4\u00e5 \u00f4\u00e1 \u00ec\u00e5\u00f4\u00e1\u00eb\u00eb\u00e9\u00ea\u00dc \u00f3\u00e1\u00f2 \u00dd\u00f0\u00e9\u00f0\u00eb\u00e1 \u00ec\u00e5 \u00f0\u00f1\u00ef\u00f3\u00f4\u00e1\u00f4\u00e5\u00f5\u00f4\u00e9\u00ea\u00de \u00ea\u00f1\u00dd\u00ec\u00e1 \u00f0\u00ef\u00f5 \u00ec\u00f0\u00ef\u00f1\u00e5\u00df\u00f4\u00e5 \u00ed\u00e1 \u00f0\u00f1\u00ef\u00ec\u00e7\u00e8\u00e5\u00f5\u00f4\u00e5\u00df\u00f4\u00e5 \u00e5\u00fd\u00ea\u00ef\u00eb\u00e1 \u00e1\u00f0\u00fc \u00e5\u00ec\u00f0\u00ef\u00f1\u00e9\u00ea\u00dc \u00ea\u00e1\u00f4\u00e1\u00f3\u00f4\u00de\u00ec\u00e1\u00f4\u00e1.\t\t\u00c5\u00dc\u00ed \u00f4\u00e1 \u00dd\u00f0\u00e9\u00f0\u00eb\u00dc \u00f3\u00e1\u00f2 \u00e5\u00df\u00ed\u00e1\u00e9 \u00e5\u00f0\u00e5\u00ee\u00e5\u00f1\u00e3\u00e1\u00f3\u00ec\u00dd\u00ed\u00e1 \u00ea\u00e1\u00e9 \u00e2\u00e1\u00ec\u00ec\u00dd\u00ed\u00e1 \u00ec\u00e5 \u00f4\u00e7\u00ed \u00ec\u00dd\u00e8\u00ef\u00e4\u00ef \u00f4\u00ef\u00f5 powder-coating (\u00e7\u00eb\u00e5\u00ea\u00f4\u00f1\u00ef\u00f3\u00f4\u00e1\u00f4\u00e9\u00ea\u00de \u00e2\u00e1\u00f6\u00de) \u00f4\u00fc\u00f4\u00e5 \u00e5\u00df\u00ed\u00e1\u00e9 \u00f0\u00ef\u00eb\u00fd \u00e1\u00ed\u00e8\u00e5\u00ea\u00f4\u00e9\u00ea\u00dc \u00ea\u00e1\u00e9 \u00ea\u00e1\u00e8\u00e1\u00f1\u00df\u00e6\u00ef\u00ed\u00f4\u00e1\u00e9 \u00e5\u00fd\u00ea\u00ef\u00eb\u00e1 \u00ec\u00e5 \u00dd\u00ed\u00e1 \u00f5\u00e3\u00f1\u00fc \u00f0\u00e1\u00ed\u00df.\t\t\u00c5\u00dc\u00ed \u00f4\u00e1 \u00ec\u00e5\u00f4\u00e1\u00eb\u00eb\u00e9\u00ea\u00dc \u00f3\u00e1\u00f2 \u00dd\u00f0\u00e9\u00f0\u00eb\u00e1 \u00e4\u00e5\u00ed \u00dd\u00f7\u00ef\u00f5\u00ed \u00e7\u00eb\u00e5\u00ea\u00f4\u00f1\u00ef\u00f3\u00f4\u00e1\u00f4\u00e9\u00ea\u00de \u00e2\u00e1\u00f6\u00de, \u00f4\u00fc\u00f4\u00e5 \u00e8\u00e1 \u00f0\u00f1\u00dd\u00f0\u00e5\u00e9 \u00ed\u00e1 \u00f4\u00e1 \u00f0\u00f1\u00ef\u00f3\u00dd\u00f7\u00e5\u00f4\u00e5 \u00f0\u00e5\u00f1\u00e9\u00f3\u00f3\u00fc\u00f4\u00e5\u00f1\u00ef \u00ea\u00e1\u00e9 \u00ed\u00e1 \u00f4\u00e1 \u00ea\u00f1\u00e1\u00f4\u00dc\u00f4\u00e5 \u00ec\u00e1\u00ea\u00f1\u00e9\u00dc \u00e1\u00f0\u00fc \u00ed\u00e5\u00f1\u00dc \u00ea\u00e1\u00e9 \u00f5\u00e3\u00f1\u00e1\u00f3\u00df\u00e1. \u00cc\u00f0\u00ef\u00f1\u00e5\u00df\u00f4\u00e5 \u00ed\u00e1 \u00f4\u00e1 \u00ea\u00e1\u00eb\u00fd\u00f8\u00e5\u00f4\u00e5 \u00ec\u00e5 \u00e5\u00e9\u00e4\u00e9\u00ea\u00dc \u00ea\u00e1\u00eb\u00fd\u00ec\u00ec\u00e1\u00f4\u00e1 \u00ea\u00e1\u00e9 \u00f4\u00ef\u00ed \u00f7\u00e5\u00e9\u00ec\u00fe\u00ed\u00e1 \u00ed\u00e1 \u00f4\u00e1 \u00e2\u00dc\u00e6\u00e5\u00f4\u00e5 \u00e5\u00dc\u00ed \u00ec\u00f0\u00ef\u00f1\u00e5\u00df\u00f4\u00e5 \u00f3\u00e5 \u00e5\u00f3\u00f9\u00f4\u00e5\u00f1\u00e9\u00ea\u00fc \u00f7\u00fe\u00f1\u00ef.\t\t\u00c5\u00dc\u00ed \u00f0\u00e1\u00f1\u00e1\u00f4\u00e7\u00f1\u00de\u00f3\u00e5\u00f4\u00e5 \u00f3\u00ea\u00ef\u00f5\u00f1\u00e9\u00dc, \u00f4\u00fc\u00f4\u00e5 \u00e1\u00f6\u00e1\u00e9\u00f1\u00dd\u00f3\u00f4\u00e5 \u00f4\u00e7\u00ed \u00ec\u00e5 \u00ed\u00dd\u00f6\u00f4\u00e9 \u00ea\u00e1\u00e9 \u00f3\u00f4\u00e7\u00ed \u00f3\u00f5\u00ed\u00dd\u00f7\u00e5\u00e9\u00e1 \u00f0\u00e5\u00f1\u00dc\u00f3\u00f4\u00e5 \u00e1\u00ed\u00f4\u00e9\u00f3\u00ea\u00f9\u00f1\u00e9\u00e1\u00ea\u00fc \u00e2\u00e5\u00f1\u00ed\u00df\u00ea\u00e9 \u00f0\u00f1\u00e9\u00ed \u00e2\u00dc\u00f8\u00e5\u00f4\u00e5 \u00f4\u00e7\u00ed \u00e5\u00f0\u00e9\u00f6\u00dc\u00ed\u00e5\u00e9\u00e1 \u00ec\u00e5 \u00ec\u00f0\u00ef\u00e3\u00e9\u00dc, \u00e1\u00ed\u00e8\u00e5\u00ea\u00f4\u00e9\u00ea\u00de \u00f3\u00f4\u00e7\u00ed \u00ef\u00ee\u00e5\u00df\u00e4\u00f9\u00f3\u00e7.\t\t\u00be\u00f6\u00e1\u00f3\u00ec\u00e1 \u00ec\u00e1\u00ee\u00e9\u00eb\u00e1\u00f1\u00e9\u00ef\u00fd:\u00a0\u00c7 \u00f3\u00f5\u00ed\u00f4\u00de\u00f1\u00e7\u00f3\u00e7 \u00f4\u00ef\u00f5 \u00f5\u00f6\u00dc\u00f3\u00ec\u00e1\u00f4\u00ef\u00f2 \u00e5\u00ee\u00e1\u00f1\u00f4\u00dc\u00f4\u00e1\u00e9 \u00e1\u00f0\u00fc \u00e4\u00e9\u00dc\u00f6\u00ef\u00f1\u00ef\u00f5\u00f2 \u00f0\u00e1\u00f1\u00dc\u00e3\u00ef\u00ed\u00f4\u00e5\u00f2, \u00fc\u00f0\u00f9\u00f2 \u00f4\u00ef \u00e5\u00df\u00e4\u00ef\u00f2 \u00f4\u00e7\u00f2 \u00df\u00ed\u00e1\u00f2, \u00e7 \u00ea\u00e1\u00f4\u00e1\u00f3\u00ea\u00e5\u00f5\u00de \u00f4\u00ef\u00f5 \u00f5\u00f6\u00dc\u00f3\u00ec\u00e1\u00f4\u00ef\u00f2 \u00ea\u00e1\u00e9 \u00e7 \u00f7\u00f1\u00de\u00f3\u00e7 \u00f4\u00ef\u00f5. \u00d7\u00f1\u00e7\u00f3\u00e9\u00ec\u00ef\u00f0\u00ef\u00e9\u00de\u00f3\u00f4\u00e5 \u00dd\u00ed\u00e1 \u00de\u00f0\u00e9\u00ef \u00e1\u00f0\u00ef\u00f1\u00f1\u00f5\u00f0\u00e1\u00ed\u00f4\u00e9\u00ea\u00fc \u00f0\u00ef\u00f5 \u00e5\u00df\u00ed\u00e1\u00e9 \u00ea\u00e1\u00f4\u00dc\u00eb\u00eb\u00e7\u00eb\u00ef \u00e3\u00e9\u00e1 \u00f4\u00ef\u00ed \u00f4\u00fd\u00f0\u00ef \u00f4\u00ef\u00f5 \u00f5\u00f6\u00dc\u00f3\u00ec\u00e1\u00f4\u00ef\u00f2. \u00c1\u00f0\u00ef\u00f6\u00fd\u00e3\u00e5\u00f4\u00e5 \u00f4\u00e7 \u00f7\u00f1\u00de\u00f3\u00e7 \u00f7\u00eb\u00f9\u00f1\u00df\u00ed\u00e7\u00f2 \u00de \u00eb\u00e5\u00f5\u00ea\u00e1\u00ed\u00f4\u00e9\u00ea\u00fe\u00ed, \u00ea\u00e1\u00e8\u00fe\u00f2 \u00ec\u00f0\u00ef\u00f1\u00e5\u00df \u00ed\u00e1 \u00e2\u00eb\u00dc\u00f8\u00ef\u00f5\u00ed \u00f4\u00e9\u00f2 \u00df\u00ed\u00e5\u00f2.\tRemarks:\tThe product is delivered in factory packaging &#8211; Comes in two parts: metal frame and seat &#8211; need to be mounted together.\tThe color shade of the product may vary slightly from the photographic representation on your screen.<\/p>\n","protected":false},"excerpt":{"rendered":"<p>Dor\u00ebzimi <\/p>\n","protected":false},"featured_media":44125,"comment_status":"closed","ping_status":"open","template":"","meta":[],"product_cat":[677,347],"product_tag":[],"class_list":{"0":"post-44124","1":"product","2":"type-product","3":"status-publish","4":"has-post-thumbnail","6":"product_cat-garden-food-table","7":"product_cat-outdoor-furniture","8":"pa_matriali-color-black-natural","9":"pa_ngjyra-k-d-yes","11":"first","12":"outofstock","13":"purchasable","14":"product-type-simple","15":"col-xs-6 col-sm-4","16":"col-md-3 col-lg-3","17":"un-4-cols"},"_links":{"self":[{"href":"https:\/\/viphomecentral.com\/index.php?rest_route=\/wp\/v2\/product\/44124","targetHints":{"allow":["GET"]}}],"collection":[{"href":"https:\/\/viphomecentral.com\/index.php?rest_route=\/wp\/v2\/product"}],"about":[{"href":"https:\/\/viphomecentral.com\/index.php?rest_route=\/wp\/v2\/types\/product"}],"replies":[{"embeddable":true,"href":"https:\/\/viphomecentral.com\/index.php?rest_route=%2Fwp%2Fv2%2Fcomments&post=44124"}],"wp:featuredmedia":[{"embeddable":true,"href":"https:\/\/viphomecentral.com\/index.php?rest_route=\/wp\/v2\/media\/44125"}],"wp:attachment":[{"href":"https:\/\/viphomecentral.com\/index.php?rest_route=%2Fwp%2Fv2%2Fmedia&parent=44124"}],"wp:term":[{"taxonomy":"product_cat","embeddable":true,"href":"https:\/\/viphomecentral.com\/index.php?rest_route=%2Fwp%2Fv2%2Fproduct_cat&post=44124"},{"taxonomy":"product_tag","embeddable":true,"href":"https:\/\/viphomecentral.com\/index.php?rest_route=%2Fwp%2Fv2%2Fproduct_tag&post=44124"}],"curies":[{"name":"wp","href":"https:\/\/api.w.org\/{rel}","templated":true}]}}