{"id":42185,"date":"2025-04-21T23:45:47","date_gmt":"2025-04-21T23:45:47","guid":{"rendered":"http:\/\/viphomecentral.com\/?product=wall-shelf-unit-anaba-pakoworld-walnut-485x12x103cm"},"modified":"2025-07-04T08:13:54","modified_gmt":"2025-07-04T08:13:54","slug":"wall-shelf-unit-anaba-pakoworld-walnut-485x12x103cm","status":"publish","type":"product","link":"https:\/\/viphomecentral.com\/?product=wall-shelf-unit-anaba-pakoworld-walnut-485x12x103cm","title":{"rendered":"Wall shelf unit Anaba pakoworld walnut 48,5x12x103cm"},"content":{"rendered":"<p>Wall shelf unit Anaba pakoworld walnut 48,5x12x103cmHandmade wall shelf, in a modern design to highlight your favorite small items, suitable for any space.\u00a0Technical Specifications:\tMade of\u00a0\u00a0solid wood and jute rope.\tAvailable in walnut color.\tIncludes three shelves with rope support.Product Dimensions:\tLength:\u00a048 cm.\tWidth:\u00a012 cm.\tHeight:\u00a0103\u00a0cm.Material Information:\t\u00a0Natural Wood: Natural wood comes from a wide variety of trees, each withits unique characteristics. There are many different types in this category,such as pine, beech, oak, etc.\t\tRope:Refers to a collection of fiberswoven together to form a flexible yet strong and durable material. Ropes aremade from various materials, including natural fibers like cotton and linen.\t\t\tMaintenance Instructions: \tNatural Wood : Proper maintenance of natural wood is essential topreserve its beauty, durability, and longevity. Use a soft, damp cloth to wipethe wood. Avoid using harsh chemicals or abrasive cleaners, as these can damagethe finish.\t\tRope: \u00c7 \u00ea\u00e1\u00e8\u00e1\u00f1\u00e9\u00fc\u00f4\u00e7\u00f4\u00e1\u00ea\u00e1\u00e9 \u00e7 \u00f3\u00f5\u00ed\u00f4\u00de\u00f1\u00e7\u00f3\u00e7 \u00f4\u00ef\u00f5 \u00f3\u00f7\u00ef\u00e9\u00ed\u00e9\u00ef\u00fd \u00e5\u00ee\u00e1\u00f1\u00f4\u00dc\u00f4\u00e1\u00e9 \u00e1\u00f0\u00fc \u00f4\u00ef \u00f5\u00eb\u00e9\u00ea\u00fc \u00e1\u00f0\u00fc \u00f4\u00ef \u00ef\u00f0\u00ef\u00df\u00ef\u00ea\u00e1\u00f4\u00e1\u00f3\u00ea\u00e5\u00f5\u00dc\u00e6\u00e5\u00f4\u00e1\u00e9. \u00c3\u00e5\u00ed\u00e9\u00ea\u00dc, \u00f4\u00e1 \u00f3\u00f7\u00ef\u00e9\u00ed\u00e9\u00dc \u00f0\u00eb\u00dd\u00ed\u00ef\u00ed\u00f4\u00e1\u00e9 \u00ec\u00e5 \u00e6\u00e5\u00f3\u00f4\u00fc \u00ed\u00e5\u00f1\u00fc \u00ea\u00e1\u00e9 \u00de\u00f0\u00e9\u00ef\u00e1\u00f0\u00ef\u00f1\u00f1\u00f5\u00f0\u00e1\u00ed\u00f4\u00e9\u00ea\u00fc. \u00d4\u00e1 \u00f3\u00f7\u00ef\u00e9\u00ed\u00e9\u00dc \u00e1\u00f0\u00fc \u00f3\u00f5\u00ed\u00e8\u00e5\u00f4\u00e9\u00ea\u00dd\u00f2 \u00df\u00ed\u00e5\u00f2 \u00e5\u00df\u00ed\u00e1\u00e9 \u00e1\u00ed\u00e8\u00e5\u00ea\u00f4\u00e9\u00ea\u00dc \u00f3\u00f4\u00e7\u00ed \u00f5\u00e3\u00f1\u00e1\u00f3\u00df\u00e1 \u00ea\u00e1\u00e9\u00f3\u00f5\u00ed\u00de\u00e8\u00f9\u00f2 \u00e4\u00e5\u00ed \u00e1\u00f0\u00e1\u00e9\u00f4\u00ef\u00fd\u00ed \u00e5\u00e9\u00e4\u00e9\u00ea\u00de \u00f3\u00f5\u00ed\u00f4\u00de\u00f1\u00e7\u00f3\u00e7.\t\tRemarks:\tThe product is delivered unassembled, in factory packaging, with a detailed assembly guide.\tThe color shade of the product may slightly differ from the photographic representation on your screen.<\/p>\n","protected":false},"excerpt":{"rendered":"<p>Dor\u00ebzimi <\/p>\n","protected":false},"featured_media":42186,"comment_status":"closed","ping_status":"open","template":"","meta":[],"product_cat":[501,317],"product_tag":[],"class_list":{"0":"post-42185","1":"product","2":"type-product","3":"status-publish","4":"has-post-thumbnail","6":"product_cat-home-organization","7":"product_cat-indoor-furniture","8":"pa_matriali-color-walnut","9":"pa_ngjyra-k-d-no","11":"first","12":"instock","13":"purchasable","14":"product-type-simple","15":"col-xs-6 col-sm-4","16":"col-md-3 col-lg-3","17":"un-4-cols"},"_links":{"self":[{"href":"https:\/\/viphomecentral.com\/index.php?rest_route=\/wp\/v2\/product\/42185","targetHints":{"allow":["GET"]}}],"collection":[{"href":"https:\/\/viphomecentral.com\/index.php?rest_route=\/wp\/v2\/product"}],"about":[{"href":"https:\/\/viphomecentral.com\/index.php?rest_route=\/wp\/v2\/types\/product"}],"replies":[{"embeddable":true,"href":"https:\/\/viphomecentral.com\/index.php?rest_route=%2Fwp%2Fv2%2Fcomments&post=42185"}],"wp:featuredmedia":[{"embeddable":true,"href":"https:\/\/viphomecentral.com\/index.php?rest_route=\/wp\/v2\/media\/42186"}],"wp:attachment":[{"href":"https:\/\/viphomecentral.com\/index.php?rest_route=%2Fwp%2Fv2%2Fmedia&parent=42185"}],"wp:term":[{"taxonomy":"product_cat","embeddable":true,"href":"https:\/\/viphomecentral.com\/index.php?rest_route=%2Fwp%2Fv2%2Fproduct_cat&post=42185"},{"taxonomy":"product_tag","embeddable":true,"href":"https:\/\/viphomecentral.com\/index.php?rest_route=%2Fwp%2Fv2%2Fproduct_tag&post=42185"}],"curies":[{"name":"wp","href":"https:\/\/api.w.org\/{rel}","templated":true}]}}