{"id":10305,"date":"2025-04-18T13:46:24","date_gmt":"2025-04-18T13:46:24","guid":{"rendered":"http:\/\/viphomecentral.com\/?post_type=product&#038;p=10305"},"modified":"2025-04-18T13:46:38","modified_gmt":"2025-04-18T13:46:38","slug":"tavoline-mesi-khofi-melamine-ne-ngjyre-antracit-90x60x42-3cm","status":"publish","type":"product","link":"https:\/\/viphomecentral.com\/?product=tavoline-mesi-khofi-melamine-ne-ngjyre-antracit-90x60x42-3cm","title":{"rendered":"Tavolin\u00eb mesi Khofi, melamine n\u00eb ngjyr\u00eb antracit, 90x60x42.3cm"},"content":{"rendered":"<p>Tavolina Khofi, e punuar nga materiale cil\u00ebsore, \u00ebsht\u00eb nj\u00eb opsion funksional dhe elegant p\u00ebr hap\u00ebsir\u00ebn tuaj. Dizajni i tij modern i p\u00ebrshtatet stileve t\u00eb ndryshme dekorimi, duke e b\u00ebr\u00eb at\u00eb nj\u00eb zgjedhje ideale p\u00ebr dhomat e ndenjes ose zyrat p\u00ebr shkak t\u00eb dimensioneve t\u00eb tij t\u00eb gjithanshme. <\/p>\n<h3>Specifikimet teknike:<\/h3>\n<ul>\n<li>B\u00ebr\u00eb nga iver pllaka(chipboard) me nj\u00eb shtres\u00eb melamine, duke siguruar rezistenc\u00eb ndaj konsumit, grisjes dhe q\u00ebndrueshm\u00ebri afatgjat\u00eb.<\/li>\n<li>Ajo p\u00ebrmban nj\u00eb sip\u00ebrfaqe shtes\u00eb t\u00eb shesht\u00eb, duke ofruar nj\u00eb hap\u00ebsir\u00eb t\u00eb hapur ruajtjeje.<\/li>\n<li>K\u00ebmb\u00ebt kan\u00eb mbulesa mbrojt\u00ebse p\u00ebr t\u00eb parandaluar g\u00ebrvishtjet n\u00eb dysheme.<\/li>\n<li>I disponuesh\u00ebm me ngjyr\u00eb antracit.<\/li>\n<\/ul>\n<h3>Dimensionet e produktit:<\/h3>\n<ul>\n<li>Gjat\u00ebsia: 90 cm<\/li>\n<li>Thell\u00ebsia: 60 cm<\/li>\n<li>Lart\u00ebsia: 42.3 cm<\/li>\n<\/ul>\n<h3>Informacione p\u00ebr materialet:<\/h3>\n<ul>\n<li>Iver pllaka(Chipboard): Iver pllaka \u00ebsht\u00eb nj\u00eb material i p\u00ebrb\u00ebr\u00eb prej druri i b\u00ebr\u00eb nga copa t\u00eb vogla druri, zakonisht pishe ose bredhi, t\u00eb lidhura s\u00eb bashku n\u00ebn presion dhe temperatur\u00eb t\u00eb lart\u00eb duke p\u00ebrdorur rr\u00ebshqira (resina). P\u00ebrdoret gjer\u00ebsisht n\u00eb nd\u00ebrtimin e mobiljeve, sip\u00ebrfaqet e brendshme dhe aplikimet strukturore. <\/li>\n<li>Melamina (LPB): Melamina me Presion t\u00eb ul\u00ebt \u00ebsht\u00eb nj\u00eb material sintetik q\u00eb p\u00ebrdoret gjer\u00ebsisht p\u00ebr trajtimin e sip\u00ebrfaqes s\u00eb pllakave t\u00eb grimcave p\u00ebr mobilje dhe sip\u00ebrfaqe p\u00ebr shkak t\u00eb q\u00ebndrueshm\u00ebris\u00eb dhe leht\u00ebsis\u00eb s\u00eb mir\u00ebmbajtjes. Zbatohet n\u00eb n\u00ebnshtresa si MDF (d\u00ebrras\u00eb fibre me densitet t\u00eb mes\u00ebm) ose shper pllak\u00eb(kompensat\u00eb) OSB p\u00ebr t\u00eb krijuar sip\u00ebrfaqe elastike. <\/li>\n<\/ul>\n<h3>Udh\u00ebzimet e mir\u00ebmbajtjes:<\/h3>\n<ul>\n<li>Iver pllaka (Chipboard): P\u00ebr t\u00eb pastruar iver pllak\u00ebn, p\u00ebrdorni nj\u00eb leck\u00eb t\u00eb but\u00eb t\u00eb lagur leht\u00eb me uj\u00eb dhe detergjent t\u00eb but\u00eb. Shmangni p\u00ebrdorimin e tep\u00ebrt t\u00eb ujit dhe mbajeni sip\u00ebrfaqen t\u00eb that\u00eb pas pastrimit. <\/li>\n<li>Melamina (LPB): Melamina \u00ebsht\u00eb nj\u00eb nga materialet m\u00eb t\u00eb zakonshme n\u00eb mobilje. P\u00ebr t\u00eb hequr njollat, p\u00ebrdorni nj\u00eb leck\u00eb t\u00eb but\u00eb me uj\u00eb t\u00eb vak\u00ebt dhe sapun t\u00eb but\u00eb. Fshijeni but\u00ebsisht sip\u00ebrfaqen derisa t\u00eb hiqet njolla. Melamina \u00ebsht\u00eb e ndjeshme ndaj lag\u00ebshtir\u00ebs, k\u00ebshtu q\u00eb mbrojtja e saj nga uji \u00ebsht\u00eb e r\u00ebnd\u00ebsishme.   <\/li>\n<\/ul>\n<h3>Sh\u00ebnimet:<\/h3>\n<ul>\n<li>Produkti dor\u00ebzohet i pambledhur, n\u00eb paketimin e fabrik\u00ebs, dhe vjen me nj\u00eb udh\u00ebzues t\u00eb detajuar montimi.<\/li>\n<li>Ngjyra e produktit mund t\u00eb ndryshoj\u00eb pak nga ajo q\u00eb shfaqet n\u00eb ekranin tuaj.<\/li>\n<\/ul>\n","protected":false},"excerpt":{"rendered":"<p>5207351267983<\/p>\n","protected":false},"featured_media":10348,"comment_status":"open","ping_status":"closed","template":"","meta":[],"product_cat":[84],"product_tag":[],"class_list":{"0":"post-10305","1":"product","2":"type-product","3":"status-publish","4":"has-post-thumbnail","6":"product_cat-tavolina-kafeje","8":"first","9":"outofstock","10":"purchasable","11":"product-type-simple","12":"col-xs-6 col-sm-4","13":"col-md-3 col-lg-3","14":"un-4-cols"},"_links":{"self":[{"href":"https:\/\/viphomecentral.com\/index.php?rest_route=\/wp\/v2\/product\/10305","targetHints":{"allow":["GET"]}}],"collection":[{"href":"https:\/\/viphomecentral.com\/index.php?rest_route=\/wp\/v2\/product"}],"about":[{"href":"https:\/\/viphomecentral.com\/index.php?rest_route=\/wp\/v2\/types\/product"}],"replies":[{"embeddable":true,"href":"https:\/\/viphomecentral.com\/index.php?rest_route=%2Fwp%2Fv2%2Fcomments&post=10305"}],"wp:featuredmedia":[{"embeddable":true,"href":"https:\/\/viphomecentral.com\/index.php?rest_route=\/wp\/v2\/media\/10348"}],"wp:attachment":[{"href":"https:\/\/viphomecentral.com\/index.php?rest_route=%2Fwp%2Fv2%2Fmedia&parent=10305"}],"wp:term":[{"taxonomy":"product_cat","embeddable":true,"href":"https:\/\/viphomecentral.com\/index.php?rest_route=%2Fwp%2Fv2%2Fproduct_cat&post=10305"},{"taxonomy":"product_tag","embeddable":true,"href":"https:\/\/viphomecentral.com\/index.php?rest_route=%2Fwp%2Fv2%2Fproduct_tag&post=10305"}],"curies":[{"name":"wp","href":"https:\/\/api.w.org\/{rel}","templated":true}]}}