{"id":10278,"date":"2025-04-18T13:46:02","date_gmt":"2025-04-18T13:46:02","guid":{"rendered":"http:\/\/viphomecentral.com\/?post_type=product&#038;p=10278"},"modified":"2025-04-18T13:46:31","modified_gmt":"2025-04-18T13:46:31","slug":"komodine-galdi-melamine-ne-ngjyre-te-bardhe-40x45x60cm","status":"publish","type":"product","link":"https:\/\/viphomecentral.com\/?product=komodine-galdi-melamine-ne-ngjyre-te-bardhe-40x45x60cm","title":{"rendered":"Komodin\u00eb Galdi, melamine n\u00eb ngjyr\u00eb t\u00eb bardh\u00eb 40x45x60cm"},"content":{"rendered":"<p>N\u00ebse jeni duke k\u00ebrkuar p\u00ebr nj\u00eb komodin\u00eb\/kabinet p\u00ebr t\u00eb kompletuar dekorimin e dhom\u00ebs tuaj, Galdi \u00ebsht\u00eb pik\u00ebrisht ajo q\u00eb ju nevojitet. Dizajni i tij, nd\u00ebrtimi me cil\u00ebsi t\u00eb lart\u00eb dhe ruajtja e gjer\u00eb e b\u00ebjn\u00eb k\u00ebt\u00eb pjes\u00eb praktike, t\u00eb leht\u00eb p\u00ebr t&#8217;u p\u00ebrdorur dhe thelb\u00ebsore p\u00ebr \u00e7do hap\u00ebsir\u00eb. <\/p>\n<h3>Specifikimet teknike:<\/h3>\n<ul>\n<li>B\u00ebr\u00eb nga iver pllaka me nj\u00eb p\u00ebrfundim melamine me cil\u00ebsi t\u00eb lart\u00eb, duke siguruar q\u00ebndrueshm\u00ebri ndaj konsumit, grisjes dhe koh\u00ebs.<\/li>\n<li>Ka nj\u00eb dollap t\u00eb madh p\u00ebr ruajtjen e sendeve personale.<\/li>\n<li>Dizajn modern dhe i p\u00ebrjetsh\u00ebm, i p\u00ebrshtatsh\u00ebm p\u00ebr t\u00eb gjitha stilet e dhomave.<\/li>\n<li>I disponuesh\u00ebm me ngjyr\u00eb t\u00eb bardh\u00eb.<\/li>\n<\/ul>\n<h3>Dimensionet e produktit:<\/h3>\n<ul>\n<li>Gjat\u00ebsia: 40 cm<\/li>\n<li>Gjer\u00ebsia: 45 cm<\/li>\n<li>Lart\u00ebsia: 60 cm<\/li>\n<\/ul>\n<h3>Informacione p\u00ebr materialet:<\/h3>\n<ul>\n<li>Iver pllak\u00eb (Chipboard): Iver pllaka \u00ebsht\u00eb nj\u00eb material druri i p\u00ebrb\u00ebr\u00eb nga copa t\u00eb vogla druri, zakonisht pisha ose bredhi, t\u00eb lidhura s\u00eb bashku n\u00ebn presion dhe temperatur\u00eb t\u00eb lart\u00eb, duke p\u00ebrdorur rr\u00ebshir (resin). P\u00ebrdoret gjer\u00ebsisht n\u00eb prodhimin e mobiljeve, sip\u00ebrfaqet e brendshme dhe aplikimet strukturore. E b\u00ebr\u00eb nga mbetjet drusore, ajo \u00ebsht\u00eb rezistente ndaj deformimit, g\u00ebrryerjes dhe shkaqeve t\u00eb tjera fizike. <\/li>\n<li>Melamine (LPB): Melamine me presion t\u00eb ul\u00ebt (LPB) \u00ebsht\u00eb nj\u00eb material sintetik q\u00eb p\u00ebrdoret gjer\u00ebsisht p\u00ebr trajtimin sip\u00ebrfaq\u00ebsor t\u00eb iver pllak\u00ebs (Chipboard) n\u00eb mobilje dhe sip\u00ebrfaqe p\u00ebr shkak t\u00eb q\u00ebndrueshm\u00ebris\u00eb dhe leht\u00ebsis\u00eb s\u00eb mir\u00ebmbajtjes. Ai aplikohet n\u00eb substrate si MDF (derras\u00eb me fibra me dend\u00ebsi t\u00eb mesme) ose kompensat\u00eb (Shperpllak) OSB p\u00ebr t\u00eb prodhuar sip\u00ebrfaqe t\u00eb q\u00ebndrueshme. <\/li>\n<\/ul>\n<h3>Udh\u00ebzimet e kujdesit:<\/h3>\n<ul>\n<li>Iver pllak\u00eb (Chipboard): P\u00ebr t\u00eb pastruar chipboard-in, mund t\u00eb p\u00ebrdorni nj\u00eb leck\u00eb t\u00eb but\u00eb pak t\u00eb lagur me uj\u00eb dhe detergjent t\u00eb but\u00eb. Shmangni p\u00ebrdorimin e tep\u00ebrt t\u00eb ujit dhe sigurohuni q\u00eb sip\u00ebrfaqja t\u00eb jet\u00eb e that\u00eb pas pastrimit. <\/li>\n<li>Melamine (LPB): P\u00ebr t\u00eb hequr njollat, p\u00ebrdorni nj\u00eb leck\u00eb t\u00eb but\u00eb me uj\u00eb t\u00eb vak\u00ebt dhe sapun t\u00eb but\u00eb. Fshijeni sip\u00ebrfaqen me kujdes derisa njolla t\u00eb zhduket. Mbroni melamin\u00ebn nga uji, pasi \u00ebsht\u00eb e ndjeshme ndaj lag\u00ebshtir\u00ebs.  <\/li>\n<\/ul>\n<h3>Sh\u00ebnimet:<\/h3>\n<ul>\n<li>Produkti dor\u00ebzohet i pambledhur, n\u00eb paketimin e fabrik\u00ebs, me nj\u00eb udh\u00ebzues t\u00eb detajuar montimi.<\/li>\n<li>Nuanca e ngjyrave t\u00eb produktit mund t\u00eb ndryshoj\u00eb pak nga paraqitja e tij fotografike n\u00eb ekranin tuaj.<\/li>\n<\/ul>\n","protected":false},"excerpt":{"rendered":"<p>5207351268041<\/p>\n","protected":false},"featured_media":10335,"comment_status":"open","ping_status":"closed","template":"","meta":[],"product_cat":[103],"product_tag":[],"class_list":{"0":"post-10278","1":"product","2":"type-product","3":"status-publish","4":"has-post-thumbnail","6":"product_cat-komodina","8":"first","9":"outofstock","10":"purchasable","11":"product-type-simple","12":"col-xs-6 col-sm-4","13":"col-md-3 col-lg-3","14":"un-4-cols"},"_links":{"self":[{"href":"https:\/\/viphomecentral.com\/index.php?rest_route=\/wp\/v2\/product\/10278","targetHints":{"allow":["GET"]}}],"collection":[{"href":"https:\/\/viphomecentral.com\/index.php?rest_route=\/wp\/v2\/product"}],"about":[{"href":"https:\/\/viphomecentral.com\/index.php?rest_route=\/wp\/v2\/types\/product"}],"replies":[{"embeddable":true,"href":"https:\/\/viphomecentral.com\/index.php?rest_route=%2Fwp%2Fv2%2Fcomments&post=10278"}],"wp:featuredmedia":[{"embeddable":true,"href":"https:\/\/viphomecentral.com\/index.php?rest_route=\/wp\/v2\/media\/10335"}],"wp:attachment":[{"href":"https:\/\/viphomecentral.com\/index.php?rest_route=%2Fwp%2Fv2%2Fmedia&parent=10278"}],"wp:term":[{"taxonomy":"product_cat","embeddable":true,"href":"https:\/\/viphomecentral.com\/index.php?rest_route=%2Fwp%2Fv2%2Fproduct_cat&post=10278"},{"taxonomy":"product_tag","embeddable":true,"href":"https:\/\/viphomecentral.com\/index.php?rest_route=%2Fwp%2Fv2%2Fproduct_tag&post=10278"}],"curies":[{"name":"wp","href":"https:\/\/api.w.org\/{rel}","templated":true}]}}